{"id":12169,"date":"2021-06-23T13:55:54","date_gmt":"2021-06-23T13:55:54","guid":{"rendered":"https:\/\/server.idssoft.net\/idsdemo\/producto\/kit-teclado-raton-con-cable-usb-l-link\/"},"modified":"2021-06-23T13:55:54","modified_gmt":"2021-06-23T13:55:54","slug":"kit-teclado-raton-con-cable-usb-l-link","status":"publish","type":"product","link":"https:\/\/server.idssoft.net\/idsdemo\/producto\/kit-teclado-raton-con-cable-usb-l-link\/","title":{"rendered":"KIT TECLADO + RATON CON CABLE USB L-LINK"},"content":{"rendered":"<p>Este Kit combina un teclado USB y un rat\u00f3n de alta calidad para cualquier prop\u00f3sito. Se puede utilizar junto con el PC o conectado con el ordenador port\u00e1til. Es un teclado slim que integra un rat\u00f3n de aspecto elegante, ofreciendo todas las funcion<\/p>\n","protected":false},"excerpt":{"rendered":"<p>Este Kit combina un teclado USB y un rat\u00f3n de alta calidad para cualquier prop\u00f3sito. Se puede utilizar junto con el PC o conectado con el ordenador port\u00e1til. Es un teclado slim que integra un rat\u00f3n de aspecto elegante, ofreciendo todas las funcion<\/p>\n","protected":false},"featured_media":12168,"comment_status":"open","ping_status":"closed","template":"","meta":[],"product_cat":[567],"product_tag":[],"class_list":["post-12169","product","type-product","status-publish","has-post-thumbnail","hentry","product_cat-kit-teclado-raton","thunk-woo-product-list","opn-qv-enable","top-store-woo-hover-","top-store-single-product-tab-horizontal","top-store-shadow-","top-store-shadow-hover-"],"_links":{"self":[{"href":"https:\/\/server.idssoft.net\/idsdemo\/wp-json\/wp\/v2\/product\/12169","targetHints":{"allow":["GET"]}}],"collection":[{"href":"https:\/\/server.idssoft.net\/idsdemo\/wp-json\/wp\/v2\/product"}],"about":[{"href":"https:\/\/server.idssoft.net\/idsdemo\/wp-json\/wp\/v2\/types\/product"}],"replies":[{"embeddable":true,"href":"https:\/\/server.idssoft.net\/idsdemo\/wp-json\/wp\/v2\/comments?post=12169"}],"wp:featuredmedia":[{"embeddable":true,"href":"https:\/\/server.idssoft.net\/idsdemo\/wp-json\/wp\/v2\/media\/12168"}],"wp:attachment":[{"href":"https:\/\/server.idssoft.net\/idsdemo\/wp-json\/wp\/v2\/media?parent=12169"}],"wp:term":[{"taxonomy":"product_cat","embeddable":true,"href":"https:\/\/server.idssoft.net\/idsdemo\/wp-json\/wp\/v2\/product_cat?post=12169"},{"taxonomy":"product_tag","embeddable":true,"href":"https:\/\/server.idssoft.net\/idsdemo\/wp-json\/wp\/v2\/product_tag?post=12169"}],"curies":[{"name":"wp","href":"https:\/\/api.w.org\/{rel}","templated":true}]}}