{"id":12171,"date":"2021-06-23T13:55:58","date_gmt":"2021-06-23T13:55:58","guid":{"rendered":"https:\/\/server.idssoft.net\/idsdemo\/producto\/telefono-t26-negro-alcatel\/"},"modified":"2021-06-23T13:55:58","modified_gmt":"2021-06-23T13:55:58","slug":"telefono-t26-negro-alcatel","status":"publish","type":"product","link":"https:\/\/server.idssoft.net\/idsdemo\/producto\/telefono-t26-negro-alcatel\/","title":{"rendered":"TELEFONO T26 NEGRO ALCATEL"},"content":{"rendered":"<p>El tel\u00e9fono residencial equipado con funciones esenciales<\/p>\n<p>Alcatel T26 es un tel\u00e9fono residencial equipado con funciones esenciales.<\/p>\n<p>Dise\u00f1ado especialmente para que su uso sea confortable, Alcatel T26 dispone de un c\u00f3modo teclado<\/p>\n","protected":false},"excerpt":{"rendered":"<p>El tel\u00e9fono residencial equipado con funciones esenciales Alcatel T26 es un tel\u00e9fono residencial equipado con funciones esenciales. Dise\u00f1ado especialmente para que su uso sea confortable, Alcatel T26 dispone de un c\u00f3modo teclado<\/p>\n","protected":false},"featured_media":12170,"comment_status":"open","ping_status":"closed","template":"","meta":[],"product_cat":[487],"product_tag":[],"class_list":["post-12171","product","type-product","status-publish","has-post-thumbnail","hentry","product_cat-telefona-fija-sobremesa","thunk-woo-product-list","opn-qv-enable","top-store-woo-hover-","top-store-single-product-tab-horizontal","top-store-shadow-","top-store-shadow-hover-"],"_links":{"self":[{"href":"https:\/\/server.idssoft.net\/idsdemo\/wp-json\/wp\/v2\/product\/12171","targetHints":{"allow":["GET"]}}],"collection":[{"href":"https:\/\/server.idssoft.net\/idsdemo\/wp-json\/wp\/v2\/product"}],"about":[{"href":"https:\/\/server.idssoft.net\/idsdemo\/wp-json\/wp\/v2\/types\/product"}],"replies":[{"embeddable":true,"href":"https:\/\/server.idssoft.net\/idsdemo\/wp-json\/wp\/v2\/comments?post=12171"}],"wp:featuredmedia":[{"embeddable":true,"href":"https:\/\/server.idssoft.net\/idsdemo\/wp-json\/wp\/v2\/media\/12170"}],"wp:attachment":[{"href":"https:\/\/server.idssoft.net\/idsdemo\/wp-json\/wp\/v2\/media?parent=12171"}],"wp:term":[{"taxonomy":"product_cat","embeddable":true,"href":"https:\/\/server.idssoft.net\/idsdemo\/wp-json\/wp\/v2\/product_cat?post=12171"},{"taxonomy":"product_tag","embeddable":true,"href":"https:\/\/server.idssoft.net\/idsdemo\/wp-json\/wp\/v2\/product_tag?post=12171"}],"curies":[{"name":"wp","href":"https:\/\/api.w.org\/{rel}","templated":true}]}}