{"id":12176,"date":"2021-06-23T13:56:07","date_gmt":"2021-06-23T13:56:07","guid":{"rendered":"https:\/\/server.idssoft.net\/idsdemo\/producto\/telefono-t06-negro-alcatel\/"},"modified":"2021-06-23T13:56:07","modified_gmt":"2021-06-23T13:56:07","slug":"telefono-t06-negro-alcatel","status":"publish","type":"product","link":"https:\/\/server.idssoft.net\/idsdemo\/producto\/telefono-t06-negro-alcatel\/","title":{"rendered":"TELEFONO T06 NEGRO ALCATEL"},"content":{"rendered":"<p>Alcatel T06. Tipo: Tel\u00e9fono anal\u00f3gico, Tipo de auricular: Terminal con conexi\u00f3n por cable. Color del producto: Negro. N\u00famero de tel\u00e9fonos m\u00f3viles incluidos: 1<\/p>\n<p>Tipo: Tel\u00e9fono anal\u00f3gico<br \/>Contestador autom\u00e1tico: No<br \/>Tipo de auricu<\/p>\n","protected":false},"excerpt":{"rendered":"<p>Alcatel T06. Tipo: Tel\u00e9fono anal\u00f3gico, Tipo de auricular: Terminal con conexi\u00f3n por cable. Color del producto: Negro. N\u00famero de tel\u00e9fonos m\u00f3viles incluidos: 1 Tipo: Tel\u00e9fono anal\u00f3gicoContestador autom\u00e1tico: NoTipo de auricu<\/p>\n","protected":false},"featured_media":12174,"comment_status":"open","ping_status":"closed","template":"","meta":[],"product_cat":[487],"product_tag":[],"class_list":["post-12176","product","type-product","status-publish","has-post-thumbnail","hentry","product_cat-telefona-fija-sobremesa","thunk-woo-product-list","opn-qv-enable","top-store-woo-hover-","top-store-single-product-tab-horizontal","top-store-shadow-","top-store-shadow-hover-"],"_links":{"self":[{"href":"https:\/\/server.idssoft.net\/idsdemo\/wp-json\/wp\/v2\/product\/12176","targetHints":{"allow":["GET"]}}],"collection":[{"href":"https:\/\/server.idssoft.net\/idsdemo\/wp-json\/wp\/v2\/product"}],"about":[{"href":"https:\/\/server.idssoft.net\/idsdemo\/wp-json\/wp\/v2\/types\/product"}],"replies":[{"embeddable":true,"href":"https:\/\/server.idssoft.net\/idsdemo\/wp-json\/wp\/v2\/comments?post=12176"}],"wp:featuredmedia":[{"embeddable":true,"href":"https:\/\/server.idssoft.net\/idsdemo\/wp-json\/wp\/v2\/media\/12174"}],"wp:attachment":[{"href":"https:\/\/server.idssoft.net\/idsdemo\/wp-json\/wp\/v2\/media?parent=12176"}],"wp:term":[{"taxonomy":"product_cat","embeddable":true,"href":"https:\/\/server.idssoft.net\/idsdemo\/wp-json\/wp\/v2\/product_cat?post=12176"},{"taxonomy":"product_tag","embeddable":true,"href":"https:\/\/server.idssoft.net\/idsdemo\/wp-json\/wp\/v2\/product_tag?post=12176"}],"curies":[{"name":"wp","href":"https:\/\/api.w.org\/{rel}","templated":true}]}}