{"id":12178,"date":"2021-06-23T13:56:11","date_gmt":"2021-06-23T13:56:11","guid":{"rendered":"https:\/\/server.idssoft.net\/idsdemo\/producto\/radio-portatil-analogica-rps42bk-am-fm-altavoz-frontal-2xaa\/"},"modified":"2021-06-23T13:56:11","modified_gmt":"2021-06-23T13:56:11","slug":"radio-portatil-analogica-rps42bk-am-fm-altavoz-frontal-2xaa","status":"publish","type":"product","link":"https:\/\/server.idssoft.net\/idsdemo\/producto\/radio-portatil-analogica-rps42bk-am-fm-altavoz-frontal-2xaa\/","title":{"rendered":"RADIO PORTATIL ANALOGICA RPS42BK AM\/FM ALTAVOZ FRONTAL 2XAA"},"content":{"rendered":"<p>Radio anal\u00f3gica de bolsillo con altavoz, salida para auriculares y antena telesc\u00f3pica.<\/p>\n<p>Radio de bolsillo.<br \/>Sintonizador anal\u00f3gico AM \/ FM.<br \/>Altavoz frontal.<br \/>Antena telesc\u00f3pica.<br \/>Conexi\u00f3n para auriculares.<br \/>Alimentaci\u00f3n D<\/p>\n","protected":false},"excerpt":{"rendered":"<p>Radio anal\u00f3gica de bolsillo con altavoz, salida para auriculares y antena telesc\u00f3pica. Radio de bolsillo.Sintonizador anal\u00f3gico AM \/ FM.Altavoz frontal.Antena telesc\u00f3pica.Conexi\u00f3n para auriculares.Alimentaci\u00f3n D<\/p>\n","protected":false},"featured_media":12177,"comment_status":"open","ping_status":"closed","template":"","meta":[],"product_cat":[478],"product_tag":[],"class_list":["post-12178","product","type-product","status-publish","has-post-thumbnail","hentry","product_cat-radios","thunk-woo-product-list","opn-qv-enable","top-store-woo-hover-","top-store-single-product-tab-horizontal","top-store-shadow-","top-store-shadow-hover-"],"_links":{"self":[{"href":"https:\/\/server.idssoft.net\/idsdemo\/wp-json\/wp\/v2\/product\/12178","targetHints":{"allow":["GET"]}}],"collection":[{"href":"https:\/\/server.idssoft.net\/idsdemo\/wp-json\/wp\/v2\/product"}],"about":[{"href":"https:\/\/server.idssoft.net\/idsdemo\/wp-json\/wp\/v2\/types\/product"}],"replies":[{"embeddable":true,"href":"https:\/\/server.idssoft.net\/idsdemo\/wp-json\/wp\/v2\/comments?post=12178"}],"wp:featuredmedia":[{"embeddable":true,"href":"https:\/\/server.idssoft.net\/idsdemo\/wp-json\/wp\/v2\/media\/12177"}],"wp:attachment":[{"href":"https:\/\/server.idssoft.net\/idsdemo\/wp-json\/wp\/v2\/media?parent=12178"}],"wp:term":[{"taxonomy":"product_cat","embeddable":true,"href":"https:\/\/server.idssoft.net\/idsdemo\/wp-json\/wp\/v2\/product_cat?post=12178"},{"taxonomy":"product_tag","embeddable":true,"href":"https:\/\/server.idssoft.net\/idsdemo\/wp-json\/wp\/v2\/product_tag?post=12178"}],"curies":[{"name":"wp","href":"https:\/\/api.w.org\/{rel}","templated":true}]}}