{"id":12183,"date":"2021-06-23T13:56:20","date_gmt":"2021-06-23T13:56:20","guid":{"rendered":"https:\/\/server.idssoft.net\/idsdemo\/producto\/funda-universal-primo-folio-10-color-negro-trust\/"},"modified":"2021-06-23T13:56:20","modified_gmt":"2021-06-23T13:56:20","slug":"funda-universal-primo-folio-10-color-negro-trust","status":"publish","type":"product","link":"https:\/\/server.idssoft.net\/idsdemo\/producto\/funda-universal-primo-folio-10-color-negro-trust\/","title":{"rendered":"FUNDA UNIVERSAL PRIMO FOLIO 10 COLOR NEGRO TRUST"},"content":{"rendered":"<p>\u2022 Funda universal tama\u00f1o folio, con soporte de visualizaci\u00f3n para proteger su tableta de 10&#034; de posibles ara\u00f1azos<br \/>\u2022 Puede utilizarse con la mayor\u00eda de tabletas de 10&#034;<br \/>\u2022 Protege la tableta de posibles ara\u00f1azos<br \/>\u2022 Sopo<\/p>\n","protected":false},"excerpt":{"rendered":"<p>\u2022 Funda universal tama\u00f1o folio, con soporte de visualizaci\u00f3n para proteger su tableta de 10&#034; de posibles ara\u00f1azos\u2022 Puede utilizarse con la mayor\u00eda de tabletas de 10&#034;\u2022 Protege la tableta de posibles ara\u00f1azos\u2022 Sopo<\/p>\n","protected":false},"featured_media":12181,"comment_status":"open","ping_status":"closed","template":"","meta":[],"product_cat":[494],"product_tag":[],"class_list":["post-12183","product","type-product","status-publish","has-post-thumbnail","hentry","product_cat-accesorios-tablets","thunk-woo-product-list","opn-qv-enable","top-store-woo-hover-","top-store-single-product-tab-horizontal","top-store-shadow-","top-store-shadow-hover-"],"_links":{"self":[{"href":"https:\/\/server.idssoft.net\/idsdemo\/wp-json\/wp\/v2\/product\/12183","targetHints":{"allow":["GET"]}}],"collection":[{"href":"https:\/\/server.idssoft.net\/idsdemo\/wp-json\/wp\/v2\/product"}],"about":[{"href":"https:\/\/server.idssoft.net\/idsdemo\/wp-json\/wp\/v2\/types\/product"}],"replies":[{"embeddable":true,"href":"https:\/\/server.idssoft.net\/idsdemo\/wp-json\/wp\/v2\/comments?post=12183"}],"wp:featuredmedia":[{"embeddable":true,"href":"https:\/\/server.idssoft.net\/idsdemo\/wp-json\/wp\/v2\/media\/12181"}],"wp:attachment":[{"href":"https:\/\/server.idssoft.net\/idsdemo\/wp-json\/wp\/v2\/media?parent=12183"}],"wp:term":[{"taxonomy":"product_cat","embeddable":true,"href":"https:\/\/server.idssoft.net\/idsdemo\/wp-json\/wp\/v2\/product_cat?post=12183"},{"taxonomy":"product_tag","embeddable":true,"href":"https:\/\/server.idssoft.net\/idsdemo\/wp-json\/wp\/v2\/product_tag?post=12183"}],"curies":[{"name":"wp","href":"https:\/\/api.w.org\/{rel}","templated":true}]}}