{"id":12191,"date":"2021-06-23T13:56:35","date_gmt":"2021-06-23T13:56:35","guid":{"rendered":"https:\/\/server.idssoft.net\/idsdemo\/producto\/teclado-bluetooth-smart-bt-3-0-touchpad-teclas-iluminadas-sm\/"},"modified":"2021-06-23T13:56:35","modified_gmt":"2021-06-23T13:56:35","slug":"teclado-bluetooth-smart-bt-3-0-touchpad-teclas-iluminadas-sm","status":"publish","type":"product","link":"https:\/\/server.idssoft.net\/idsdemo\/producto\/teclado-bluetooth-smart-bt-3-0-touchpad-teclas-iluminadas-sm\/","title":{"rendered":"TECLADO BLUETOOTH SMART BT 3.0 TOUCHPAD TECLAS ILUMINADAS SM"},"content":{"rendered":"<p>Dise\u00f1o ultradelgado<br \/>Teclas de alta precisi\u00f3n<br \/>Ahorro de energ\u00eda<br \/>Conector BT y encendido<br \/>Bater\u00eda Li-ion recargable<br \/>teclas iluminadas &#8211; 7 colores<br \/>Voltaje funcionamiento 3v-5v<br \/>Corriente de trabajo &lt;5mA<br \/>corriente en espe<\/p>\n","protected":false},"excerpt":{"rendered":"<p>Dise\u00f1o ultradelgadoTeclas de alta precisi\u00f3nAhorro de energ\u00edaConector BT y encendidoBater\u00eda Li-ion recargableteclas iluminadas &#8211; 7 coloresVoltaje funcionamiento 3v-5vCorriente de trabajo &lt;5mAcorriente en espe<\/p>\n","protected":false},"featured_media":12189,"comment_status":"open","ping_status":"closed","template":"","meta":[],"product_cat":[566],"product_tag":[],"class_list":["post-12191","product","type-product","status-publish","has-post-thumbnail","hentry","product_cat-teclados","thunk-woo-product-list","opn-qv-enable","top-store-woo-hover-","top-store-single-product-tab-horizontal","top-store-shadow-","top-store-shadow-hover-"],"_links":{"self":[{"href":"https:\/\/server.idssoft.net\/idsdemo\/wp-json\/wp\/v2\/product\/12191","targetHints":{"allow":["GET"]}}],"collection":[{"href":"https:\/\/server.idssoft.net\/idsdemo\/wp-json\/wp\/v2\/product"}],"about":[{"href":"https:\/\/server.idssoft.net\/idsdemo\/wp-json\/wp\/v2\/types\/product"}],"replies":[{"embeddable":true,"href":"https:\/\/server.idssoft.net\/idsdemo\/wp-json\/wp\/v2\/comments?post=12191"}],"wp:featuredmedia":[{"embeddable":true,"href":"https:\/\/server.idssoft.net\/idsdemo\/wp-json\/wp\/v2\/media\/12189"}],"wp:attachment":[{"href":"https:\/\/server.idssoft.net\/idsdemo\/wp-json\/wp\/v2\/media?parent=12191"}],"wp:term":[{"taxonomy":"product_cat","embeddable":true,"href":"https:\/\/server.idssoft.net\/idsdemo\/wp-json\/wp\/v2\/product_cat?post=12191"},{"taxonomy":"product_tag","embeddable":true,"href":"https:\/\/server.idssoft.net\/idsdemo\/wp-json\/wp\/v2\/product_tag?post=12191"}],"curies":[{"name":"wp","href":"https:\/\/api.w.org\/{rel}","templated":true}]}}