{"id":12194,"date":"2021-06-23T13:56:40","date_gmt":"2021-06-23T13:56:40","guid":{"rendered":"https:\/\/server.idssoft.net\/idsdemo\/producto\/telefono-movil-senior-spc-fortune-teclas-grandes-dual-si\/"},"modified":"2021-06-23T13:56:40","modified_gmt":"2021-06-23T13:56:40","slug":"telefono-movil-senior-spc-fortune-teclas-grandes-dual-si","status":"publish","type":"product","link":"https:\/\/server.idssoft.net\/idsdemo\/producto\/telefono-movil-senior-spc-fortune-teclas-grandes-dual-si\/","title":{"rendered":"TELEFONO MOVIL SENIOR SPC FORTUNE | TECLAS GRANDES | DUAL SI"},"content":{"rendered":"<p>N\u00fameros y letras grandes en pantalla<br \/>5 n\u00fameros SOS y mensaje SOS<br \/>Linterna<br \/>Radio FM<br \/>C\u00e1mara<br \/>Calculadora<br \/>Calendario<br \/>Bluetooth 2.0<br \/>Manos libres<br \/>Ranura de tarjeta Micro SD<br \/>Resoluci\u00f3n QVGA de 320 x 240 p\u00edxeles&lt;br<\/p>\n","protected":false},"excerpt":{"rendered":"<p>N\u00fameros y letras grandes en pantalla5 n\u00fameros SOS y mensaje SOSLinternaRadio FMC\u00e1maraCalculadoraCalendarioBluetooth 2.0Manos libresRanura de tarjeta Micro SDResoluci\u00f3n QVGA de 320 x 240 p\u00edxeles&lt;br<\/p>\n","protected":false},"featured_media":12192,"comment_status":"open","ping_status":"closed","template":"","meta":[],"product_cat":[489],"product_tag":[],"class_list":["post-12194","product","type-product","status-publish","has-post-thumbnail","hentry","product_cat-telefonia-movil-gama-baja","thunk-woo-product-list","opn-qv-enable","top-store-woo-hover-","top-store-single-product-tab-horizontal","top-store-shadow-","top-store-shadow-hover-"],"_links":{"self":[{"href":"https:\/\/server.idssoft.net\/idsdemo\/wp-json\/wp\/v2\/product\/12194","targetHints":{"allow":["GET"]}}],"collection":[{"href":"https:\/\/server.idssoft.net\/idsdemo\/wp-json\/wp\/v2\/product"}],"about":[{"href":"https:\/\/server.idssoft.net\/idsdemo\/wp-json\/wp\/v2\/types\/product"}],"replies":[{"embeddable":true,"href":"https:\/\/server.idssoft.net\/idsdemo\/wp-json\/wp\/v2\/comments?post=12194"}],"wp:featuredmedia":[{"embeddable":true,"href":"https:\/\/server.idssoft.net\/idsdemo\/wp-json\/wp\/v2\/media\/12192"}],"wp:attachment":[{"href":"https:\/\/server.idssoft.net\/idsdemo\/wp-json\/wp\/v2\/media?parent=12194"}],"wp:term":[{"taxonomy":"product_cat","embeddable":true,"href":"https:\/\/server.idssoft.net\/idsdemo\/wp-json\/wp\/v2\/product_cat?post=12194"},{"taxonomy":"product_tag","embeddable":true,"href":"https:\/\/server.idssoft.net\/idsdemo\/wp-json\/wp\/v2\/product_tag?post=12194"}],"curies":[{"name":"wp","href":"https:\/\/api.w.org\/{rel}","templated":true}]}}