{"id":12196,"date":"2021-06-23T13:56:44","date_gmt":"2021-06-23T13:56:44","guid":{"rendered":"https:\/\/server.idssoft.net\/idsdemo\/producto\/altavoces-2-1-mars-gaming-msx-35w-bluetooth-5-0-usb-lect\/"},"modified":"2021-06-23T13:56:44","modified_gmt":"2021-06-23T13:56:44","slug":"altavoces-2-1-mars-gaming-msx-35w-bluetooth-5-0-usb-lect","status":"publish","type":"product","link":"https:\/\/server.idssoft.net\/idsdemo\/producto\/altavoces-2-1-mars-gaming-msx-35w-bluetooth-5-0-usb-lect\/","title":{"rendered":"ALTAVOCES 2.1 MARS GAMING MSX 35W BLUETOOTH 5.0 | USB | LECT"},"content":{"rendered":"<p>El MSX te ofrece todo lo que necesitas en un equipo de sonido: 35W de potencia, sistema 2.1, subwoofer, 5 modos de multimedia y m\u00faltiples prestaciones m\u00e1s. Dise\u00f1ado especialmente para conseguir un potente rendimiento de graves y tonos medios totalm<\/p>\n","protected":false},"excerpt":{"rendered":"<p>El MSX te ofrece todo lo que necesitas en un equipo de sonido: 35W de potencia, sistema 2.1, subwoofer, 5 modos de multimedia y m\u00faltiples prestaciones m\u00e1s. Dise\u00f1ado especialmente para conseguir un potente rendimiento de graves y tonos medios totalm<\/p>\n","protected":false},"featured_media":12195,"comment_status":"open","ping_status":"closed","template":"","meta":[],"product_cat":[472],"product_tag":[],"class_list":["post-12196","product","type-product","status-publish","has-post-thumbnail","hentry","product_cat-altavoces-bluetooth","thunk-woo-product-list","opn-qv-enable","top-store-woo-hover-","top-store-single-product-tab-horizontal","top-store-shadow-","top-store-shadow-hover-"],"_links":{"self":[{"href":"https:\/\/server.idssoft.net\/idsdemo\/wp-json\/wp\/v2\/product\/12196","targetHints":{"allow":["GET"]}}],"collection":[{"href":"https:\/\/server.idssoft.net\/idsdemo\/wp-json\/wp\/v2\/product"}],"about":[{"href":"https:\/\/server.idssoft.net\/idsdemo\/wp-json\/wp\/v2\/types\/product"}],"replies":[{"embeddable":true,"href":"https:\/\/server.idssoft.net\/idsdemo\/wp-json\/wp\/v2\/comments?post=12196"}],"wp:featuredmedia":[{"embeddable":true,"href":"https:\/\/server.idssoft.net\/idsdemo\/wp-json\/wp\/v2\/media\/12195"}],"wp:attachment":[{"href":"https:\/\/server.idssoft.net\/idsdemo\/wp-json\/wp\/v2\/media?parent=12196"}],"wp:term":[{"taxonomy":"product_cat","embeddable":true,"href":"https:\/\/server.idssoft.net\/idsdemo\/wp-json\/wp\/v2\/product_cat?post=12196"},{"taxonomy":"product_tag","embeddable":true,"href":"https:\/\/server.idssoft.net\/idsdemo\/wp-json\/wp\/v2\/product_tag?post=12196"}],"curies":[{"name":"wp","href":"https:\/\/api.w.org\/{rel}","templated":true}]}}