{"id":12203,"date":"2021-06-23T13:56:59","date_gmt":"2021-06-23T13:56:59","guid":{"rendered":"https:\/\/server.idssoft.net\/idsdemo\/producto\/telefono-inalambrico-con-contestador-al117-gigaset\/"},"modified":"2021-06-23T13:56:59","modified_gmt":"2021-06-23T13:56:59","slug":"telefono-inalambrico-con-contestador-al117-gigaset","status":"publish","type":"product","link":"https:\/\/server.idssoft.net\/idsdemo\/producto\/telefono-inalambrico-con-contestador-al117-gigaset\/","title":{"rendered":"TELEFONO INALAMBRICO CON CONTESTADOR AL117 GIGASET"},"content":{"rendered":"<p>Tipo: Tel\u00e9fono DECT<br \/>Tipo de auricular: Terminal inal\u00e1mbrico<br \/>Tiempo de grabaci\u00f3n: 25 min<br \/>Rango m\u00e1ximo en interiores: 50 m<br \/>Rango m\u00e1ximo en exteriores: 300 m<br \/>N\u00famero de melod\u00edas: 10<br \/>Modo ECO: Si<br \/>Compatible con GAP<\/p>\n","protected":false},"excerpt":{"rendered":"<p>Tipo: Tel\u00e9fono DECTTipo de auricular: Terminal inal\u00e1mbricoTiempo de grabaci\u00f3n: 25 minRango m\u00e1ximo en interiores: 50 mRango m\u00e1ximo en exteriores: 300 mN\u00famero de melod\u00edas: 10Modo ECO: SiCompatible con GAP<\/p>\n","protected":false},"featured_media":12202,"comment_status":"open","ping_status":"closed","template":"","meta":[],"product_cat":[488],"product_tag":[],"class_list":["post-12203","product","type-product","status-publish","has-post-thumbnail","hentry","product_cat-telefonia-fija-inalmbrica","thunk-woo-product-list","opn-qv-enable","top-store-woo-hover-","top-store-single-product-tab-horizontal","top-store-shadow-","top-store-shadow-hover-"],"_links":{"self":[{"href":"https:\/\/server.idssoft.net\/idsdemo\/wp-json\/wp\/v2\/product\/12203","targetHints":{"allow":["GET"]}}],"collection":[{"href":"https:\/\/server.idssoft.net\/idsdemo\/wp-json\/wp\/v2\/product"}],"about":[{"href":"https:\/\/server.idssoft.net\/idsdemo\/wp-json\/wp\/v2\/types\/product"}],"replies":[{"embeddable":true,"href":"https:\/\/server.idssoft.net\/idsdemo\/wp-json\/wp\/v2\/comments?post=12203"}],"wp:featuredmedia":[{"embeddable":true,"href":"https:\/\/server.idssoft.net\/idsdemo\/wp-json\/wp\/v2\/media\/12202"}],"wp:attachment":[{"href":"https:\/\/server.idssoft.net\/idsdemo\/wp-json\/wp\/v2\/media?parent=12203"}],"wp:term":[{"taxonomy":"product_cat","embeddable":true,"href":"https:\/\/server.idssoft.net\/idsdemo\/wp-json\/wp\/v2\/product_cat?post=12203"},{"taxonomy":"product_tag","embeddable":true,"href":"https:\/\/server.idssoft.net\/idsdemo\/wp-json\/wp\/v2\/product_tag?post=12203"}],"curies":[{"name":"wp","href":"https:\/\/api.w.org\/{rel}","templated":true}]}}