{"id":12209,"date":"2021-06-23T13:57:09","date_gmt":"2021-06-23T13:57:09","guid":{"rendered":"https:\/\/server.idssoft.net\/idsdemo\/producto\/mando-para-ps4-spirit-of-gamer-pro-cruceta-precision-2-s\/"},"modified":"2021-06-23T13:57:09","modified_gmt":"2021-06-23T13:57:09","slug":"mando-para-ps4-spirit-of-gamer-pro-cruceta-precision-2-s","status":"publish","type":"product","link":"https:\/\/server.idssoft.net\/idsdemo\/producto\/mando-para-ps4-spirit-of-gamer-pro-cruceta-precision-2-s\/","title":{"rendered":"MANDO PARA PS4 SPIRIT OF GAMER PRO &#8211; CRUCETA PRECISI\u00d3N &#8211; 2 S"},"content":{"rendered":"<p>Modelo con cable<br \/>Longitud del cable 2.5 m<br \/>Bot\u00f3n principal de PlayStation\u00ae para un acceso r\u00e1pido a su men\u00fa Play<br \/>Gamepad Precisi\u00f3n octodireccional cruzada (arriba, abajo, izquierda, derecha)<br \/>16 botones num\u00e9ricos<br \/>Dos sticks anal<\/p>\n","protected":false},"excerpt":{"rendered":"<p>Modelo con cableLongitud del cable 2.5 mBot\u00f3n principal de PlayStation\u00ae para un acceso r\u00e1pido a su men\u00fa PlayGamepad Precisi\u00f3n octodireccional cruzada (arriba, abajo, izquierda, derecha)16 botones num\u00e9ricosDos sticks anal<\/p>\n","protected":false},"featured_media":12207,"comment_status":"open","ping_status":"closed","template":"","meta":[],"product_cat":[460],"product_tag":[],"class_list":["post-12209","product","type-product","status-publish","has-post-thumbnail","hentry","product_cat-joystick","thunk-woo-product-list","opn-qv-enable","top-store-woo-hover-","top-store-single-product-tab-horizontal","top-store-shadow-","top-store-shadow-hover-"],"_links":{"self":[{"href":"https:\/\/server.idssoft.net\/idsdemo\/wp-json\/wp\/v2\/product\/12209","targetHints":{"allow":["GET"]}}],"collection":[{"href":"https:\/\/server.idssoft.net\/idsdemo\/wp-json\/wp\/v2\/product"}],"about":[{"href":"https:\/\/server.idssoft.net\/idsdemo\/wp-json\/wp\/v2\/types\/product"}],"replies":[{"embeddable":true,"href":"https:\/\/server.idssoft.net\/idsdemo\/wp-json\/wp\/v2\/comments?post=12209"}],"wp:featuredmedia":[{"embeddable":true,"href":"https:\/\/server.idssoft.net\/idsdemo\/wp-json\/wp\/v2\/media\/12207"}],"wp:attachment":[{"href":"https:\/\/server.idssoft.net\/idsdemo\/wp-json\/wp\/v2\/media?parent=12209"}],"wp:term":[{"taxonomy":"product_cat","embeddable":true,"href":"https:\/\/server.idssoft.net\/idsdemo\/wp-json\/wp\/v2\/product_cat?post=12209"},{"taxonomy":"product_tag","embeddable":true,"href":"https:\/\/server.idssoft.net\/idsdemo\/wp-json\/wp\/v2\/product_tag?post=12209"}],"curies":[{"name":"wp","href":"https:\/\/api.w.org\/{rel}","templated":true}]}}