{"id":12239,"date":"2021-06-23T13:58:11","date_gmt":"2021-06-23T13:58:11","guid":{"rendered":"https:\/\/server.idssoft.net\/idsdemo\/producto\/auricular-diadema-con-microfono-mp3-negro-sony\/"},"modified":"2021-06-23T13:58:11","modified_gmt":"2021-06-23T13:58:11","slug":"auricular-diadema-con-microfono-mp3-negro-sony","status":"publish","type":"product","link":"https:\/\/server.idssoft.net\/idsdemo\/producto\/auricular-diadema-con-microfono-mp3-negro-sony\/","title":{"rendered":"AURICULAR DIADEMA CON MICR\u00d3FONO MP3 NEGRO SONY"},"content":{"rendered":"<p>&#8211; Auriculares cerrados de tipo supra-aural con un rango de frecuencia de 12 Hz a 22 kHz y cascos acolchados.<br \/>&#8211; Diafragmas tipo c\u00fapula de 30 mm<br \/>&#8211; Rango de frecuencia de 12 Hz a 22 kHz<br \/>&#8211; Dise\u00f1o ligero para la m\u00e1xima comodidad  <\/p>\n","protected":false},"excerpt":{"rendered":"<p>&#8211; Auriculares cerrados de tipo supra-aural con un rango de frecuencia de 12 Hz a 22 kHz y cascos acolchados.&#8211; Diafragmas tipo c\u00fapula de 30 mm&#8211; Rango de frecuencia de 12 Hz a 22 kHz&#8211; Dise\u00f1o ligero para la m\u00e1xima comodidad<\/p>\n","protected":false},"featured_media":12237,"comment_status":"open","ping_status":"closed","template":"","meta":[],"product_cat":[474],"product_tag":[],"class_list":["post-12239","product","type-product","status-publish","has-post-thumbnail","hentry","product_cat-auriculares-con-cable","thunk-woo-product-list","opn-qv-enable","top-store-woo-hover-","top-store-single-product-tab-horizontal","top-store-shadow-","top-store-shadow-hover-"],"_links":{"self":[{"href":"https:\/\/server.idssoft.net\/idsdemo\/wp-json\/wp\/v2\/product\/12239","targetHints":{"allow":["GET"]}}],"collection":[{"href":"https:\/\/server.idssoft.net\/idsdemo\/wp-json\/wp\/v2\/product"}],"about":[{"href":"https:\/\/server.idssoft.net\/idsdemo\/wp-json\/wp\/v2\/types\/product"}],"replies":[{"embeddable":true,"href":"https:\/\/server.idssoft.net\/idsdemo\/wp-json\/wp\/v2\/comments?post=12239"}],"wp:featuredmedia":[{"embeddable":true,"href":"https:\/\/server.idssoft.net\/idsdemo\/wp-json\/wp\/v2\/media\/12237"}],"wp:attachment":[{"href":"https:\/\/server.idssoft.net\/idsdemo\/wp-json\/wp\/v2\/media?parent=12239"}],"wp:term":[{"taxonomy":"product_cat","embeddable":true,"href":"https:\/\/server.idssoft.net\/idsdemo\/wp-json\/wp\/v2\/product_cat?post=12239"},{"taxonomy":"product_tag","embeddable":true,"href":"https:\/\/server.idssoft.net\/idsdemo\/wp-json\/wp\/v2\/product_tag?post=12239"}],"curies":[{"name":"wp","href":"https:\/\/api.w.org\/{rel}","templated":true}]}}