{"id":12245,"date":"2021-06-23T13:58:23","date_gmt":"2021-06-23T13:58:23","guid":{"rendered":"https:\/\/server.idssoft.net\/idsdemo\/producto\/auricular-diadema-inalambrico-negro-sony\/"},"modified":"2021-06-23T13:58:23","modified_gmt":"2021-06-23T13:58:23","slug":"auricular-diadema-inalambrico-negro-sony","status":"publish","type":"product","link":"https:\/\/server.idssoft.net\/idsdemo\/producto\/auricular-diadema-inalambrico-negro-sony\/","title":{"rendered":"AURICULAR DIADEMA INAL\u00c1MBRICO NEGRO SONY"},"content":{"rendered":"<p>&#8211; Tiene un alcance inal\u00e1mbrico de hasta 100 m<br \/>&#8211; Auriculares dom\u00e9sticos inal\u00e1mbricos con diafragmas de 40 mm, alcance de recepci\u00f3n hasta 100 m y diadema autoajustable<br \/>&#8211; Transmisi\u00f3n inal\u00e1mbrica por RF clara<br \/>&#8211; Unidad de diafragma de neo<\/p>\n","protected":false},"excerpt":{"rendered":"<p>&#8211; Tiene un alcance inal\u00e1mbrico de hasta 100 m&#8211; Auriculares dom\u00e9sticos inal\u00e1mbricos con diafragmas de 40 mm, alcance de recepci\u00f3n hasta 100 m y diadema autoajustable&#8211; Transmisi\u00f3n inal\u00e1mbrica por RF clara&#8211; Unidad de diafragma de neo<\/p>\n","protected":false},"featured_media":12243,"comment_status":"open","ping_status":"closed","template":"","meta":[],"product_cat":[474],"product_tag":[],"class_list":["post-12245","product","type-product","status-publish","has-post-thumbnail","hentry","product_cat-auriculares-con-cable","thunk-woo-product-list","opn-qv-enable","top-store-woo-hover-","top-store-single-product-tab-horizontal","top-store-shadow-","top-store-shadow-hover-"],"_links":{"self":[{"href":"https:\/\/server.idssoft.net\/idsdemo\/wp-json\/wp\/v2\/product\/12245","targetHints":{"allow":["GET"]}}],"collection":[{"href":"https:\/\/server.idssoft.net\/idsdemo\/wp-json\/wp\/v2\/product"}],"about":[{"href":"https:\/\/server.idssoft.net\/idsdemo\/wp-json\/wp\/v2\/types\/product"}],"replies":[{"embeddable":true,"href":"https:\/\/server.idssoft.net\/idsdemo\/wp-json\/wp\/v2\/comments?post=12245"}],"wp:featuredmedia":[{"embeddable":true,"href":"https:\/\/server.idssoft.net\/idsdemo\/wp-json\/wp\/v2\/media\/12243"}],"wp:attachment":[{"href":"https:\/\/server.idssoft.net\/idsdemo\/wp-json\/wp\/v2\/media?parent=12245"}],"wp:term":[{"taxonomy":"product_cat","embeddable":true,"href":"https:\/\/server.idssoft.net\/idsdemo\/wp-json\/wp\/v2\/product_cat?post=12245"},{"taxonomy":"product_tag","embeddable":true,"href":"https:\/\/server.idssoft.net\/idsdemo\/wp-json\/wp\/v2\/product_tag?post=12245"}],"curies":[{"name":"wp","href":"https:\/\/api.w.org\/{rel}","templated":true}]}}