{"id":12283,"date":"2021-06-23T14:00:09","date_gmt":"2021-06-23T14:00:09","guid":{"rendered":"https:\/\/server.idssoft.net\/idsdemo\/producto\/lampara-luz-solar-led-35-5cm\/"},"modified":"2021-06-23T14:00:09","modified_gmt":"2021-06-23T14:00:09","slug":"lampara-luz-solar-led-35-5cm","status":"publish","type":"product","link":"https:\/\/server.idssoft.net\/idsdemo\/producto\/lampara-luz-solar-led-35-5cm\/","title":{"rendered":"LAMPARA LUZ SOLAR LED 35.5CM"},"content":{"rendered":"<p>&#8211; Auto ON-noche\/OFF-d\u00eda<br \/>&#8211; Solar auto recargable<br \/>&#8211; Baliza solar LED fabricado en pl\u00e1stico de color negro, potencia de 0,06 W, \u00e1ngulo de luz de 240 grados, intensidad 4 l\u00famenes y color de luz blanco frio (6000K).<br \/>&#8211; Dimensiones: 26 x 5<\/p>\n","protected":false},"excerpt":{"rendered":"<p>&#8211; Auto ON-noche\/OFF-d\u00eda&#8211; Solar auto recargable&#8211; Baliza solar LED fabricado en pl\u00e1stico de color negro, potencia de 0,06 W, \u00e1ngulo de luz de 240 grados, intensidad 4 l\u00famenes y color de luz blanco frio (6000K).&#8211; Dimensiones: 26 x 5<\/p>\n","protected":false},"featured_media":12282,"comment_status":"open","ping_status":"closed","template":"","meta":[],"product_cat":[545],"product_tag":[],"class_list":["post-12283","product","type-product","status-publish","has-post-thumbnail","hentry","product_cat-jardin","thunk-woo-product-list","opn-qv-enable","top-store-woo-hover-","top-store-single-product-tab-horizontal","top-store-shadow-","top-store-shadow-hover-"],"_links":{"self":[{"href":"https:\/\/server.idssoft.net\/idsdemo\/wp-json\/wp\/v2\/product\/12283","targetHints":{"allow":["GET"]}}],"collection":[{"href":"https:\/\/server.idssoft.net\/idsdemo\/wp-json\/wp\/v2\/product"}],"about":[{"href":"https:\/\/server.idssoft.net\/idsdemo\/wp-json\/wp\/v2\/types\/product"}],"replies":[{"embeddable":true,"href":"https:\/\/server.idssoft.net\/idsdemo\/wp-json\/wp\/v2\/comments?post=12283"}],"wp:featuredmedia":[{"embeddable":true,"href":"https:\/\/server.idssoft.net\/idsdemo\/wp-json\/wp\/v2\/media\/12282"}],"wp:attachment":[{"href":"https:\/\/server.idssoft.net\/idsdemo\/wp-json\/wp\/v2\/media?parent=12283"}],"wp:term":[{"taxonomy":"product_cat","embeddable":true,"href":"https:\/\/server.idssoft.net\/idsdemo\/wp-json\/wp\/v2\/product_cat?post=12283"},{"taxonomy":"product_tag","embeddable":true,"href":"https:\/\/server.idssoft.net\/idsdemo\/wp-json\/wp\/v2\/product_tag?post=12283"}],"curies":[{"name":"wp","href":"https:\/\/api.w.org\/{rel}","templated":true}]}}