{"id":12308,"date":"2021-06-23T14:01:11","date_gmt":"2021-06-23T14:01:11","guid":{"rendered":"https:\/\/server.idssoft.net\/idsdemo\/producto\/altavoz-f16-bluetooth-ipx7-verde-xo\/"},"modified":"2021-06-23T14:01:11","modified_gmt":"2021-06-23T14:01:11","slug":"altavoz-f16-bluetooth-ipx7-verde-xo","status":"publish","type":"product","link":"https:\/\/server.idssoft.net\/idsdemo\/producto\/altavoz-f16-bluetooth-ipx7-verde-xo\/","title":{"rendered":"ALTAVOZ F16 BLUETOOTH IPX7 VERDE XO"},"content":{"rendered":"<p>&#8211; Bluetooth 5.0<br \/>&#8211; Bater\u00eda:  1200mAh<br \/>&#8211; Duraci\u00f3n de la bater\u00eda: hasta 4 horas<br \/>&#8211; Tiempo de carga: 3 horas aproximadamrnte<br \/>&#8211; Bluetooth, tarjeta microSD y entrada de l\u00ednea AUX  <\/p>\n","protected":false},"excerpt":{"rendered":"<p>&#8211; Bluetooth 5.0&#8211; Bater\u00eda: 1200mAh&#8211; Duraci\u00f3n de la bater\u00eda: hasta 4 horas&#8211; Tiempo de carga: 3 horas aproximadamrnte&#8211; Bluetooth, tarjeta microSD y entrada de l\u00ednea AUX<\/p>\n","protected":false},"featured_media":12306,"comment_status":"open","ping_status":"closed","template":"","meta":[],"product_cat":[472],"product_tag":[],"class_list":["post-12308","product","type-product","status-publish","has-post-thumbnail","hentry","product_cat-altavoces-bluetooth","thunk-woo-product-list","opn-qv-enable","top-store-woo-hover-","top-store-single-product-tab-horizontal","top-store-shadow-","top-store-shadow-hover-"],"_links":{"self":[{"href":"https:\/\/server.idssoft.net\/idsdemo\/wp-json\/wp\/v2\/product\/12308","targetHints":{"allow":["GET"]}}],"collection":[{"href":"https:\/\/server.idssoft.net\/idsdemo\/wp-json\/wp\/v2\/product"}],"about":[{"href":"https:\/\/server.idssoft.net\/idsdemo\/wp-json\/wp\/v2\/types\/product"}],"replies":[{"embeddable":true,"href":"https:\/\/server.idssoft.net\/idsdemo\/wp-json\/wp\/v2\/comments?post=12308"}],"wp:featuredmedia":[{"embeddable":true,"href":"https:\/\/server.idssoft.net\/idsdemo\/wp-json\/wp\/v2\/media\/12306"}],"wp:attachment":[{"href":"https:\/\/server.idssoft.net\/idsdemo\/wp-json\/wp\/v2\/media?parent=12308"}],"wp:term":[{"taxonomy":"product_cat","embeddable":true,"href":"https:\/\/server.idssoft.net\/idsdemo\/wp-json\/wp\/v2\/product_cat?post=12308"},{"taxonomy":"product_tag","embeddable":true,"href":"https:\/\/server.idssoft.net\/idsdemo\/wp-json\/wp\/v2\/product_tag?post=12308"}],"curies":[{"name":"wp","href":"https:\/\/api.w.org\/{rel}","templated":true}]}}