{"id":12381,"date":"2021-06-23T14:03:22","date_gmt":"2021-06-23T14:03:22","guid":{"rendered":"https:\/\/server.idssoft.net\/idsdemo\/producto\/cable-nb102-carga-rapida-2-4a-lightning-a-usb-p-inteligen\/"},"modified":"2021-06-23T14:03:22","modified_gmt":"2021-06-23T14:03:22","slug":"cable-nb102-carga-rapida-2-4a-lightning-a-usb-p-inteligen","status":"publish","type":"product","link":"https:\/\/server.idssoft.net\/idsdemo\/producto\/cable-nb102-carga-rapida-2-4a-lightning-a-usb-p-inteligen\/","title":{"rendered":"CABLE NB102 CARGA RAPIDA 2.4A LIGHTNING A USB | P. INTELIGEN"},"content":{"rendered":"<p>&#8211; Cable alta calidad tipo cord\u00f3n y punta met\u00e1lica con iluminaci\u00f3n LED<br \/>&#8211; Carga r\u00e1pida 2.4A inteligente. Se desconecta el led del terminal cuando el dispositivo se encuentra completamente cargado.<br \/>&#8211; Longitud: 1 metro  <\/p>\n","protected":false},"excerpt":{"rendered":"<p>&#8211; Cable alta calidad tipo cord\u00f3n y punta met\u00e1lica con iluminaci\u00f3n LED&#8211; Carga r\u00e1pida 2.4A inteligente. Se desconecta el led del terminal cuando el dispositivo se encuentra completamente cargado.&#8211; Longitud: 1 metro<\/p>\n","protected":false},"featured_media":12379,"comment_status":"open","ping_status":"closed","template":"","meta":[],"product_cat":[496],"product_tag":[],"class_list":["post-12381","product","type-product","status-publish","has-post-thumbnail","hentry","product_cat-cableado-cargadores-apple","thunk-woo-product-list","opn-qv-enable","top-store-woo-hover-","top-store-single-product-tab-horizontal","top-store-shadow-","top-store-shadow-hover-"],"_links":{"self":[{"href":"https:\/\/server.idssoft.net\/idsdemo\/wp-json\/wp\/v2\/product\/12381","targetHints":{"allow":["GET"]}}],"collection":[{"href":"https:\/\/server.idssoft.net\/idsdemo\/wp-json\/wp\/v2\/product"}],"about":[{"href":"https:\/\/server.idssoft.net\/idsdemo\/wp-json\/wp\/v2\/types\/product"}],"replies":[{"embeddable":true,"href":"https:\/\/server.idssoft.net\/idsdemo\/wp-json\/wp\/v2\/comments?post=12381"}],"wp:featuredmedia":[{"embeddable":true,"href":"https:\/\/server.idssoft.net\/idsdemo\/wp-json\/wp\/v2\/media\/12379"}],"wp:attachment":[{"href":"https:\/\/server.idssoft.net\/idsdemo\/wp-json\/wp\/v2\/media?parent=12381"}],"wp:term":[{"taxonomy":"product_cat","embeddable":true,"href":"https:\/\/server.idssoft.net\/idsdemo\/wp-json\/wp\/v2\/product_cat?post=12381"},{"taxonomy":"product_tag","embeddable":true,"href":"https:\/\/server.idssoft.net\/idsdemo\/wp-json\/wp\/v2\/product_tag?post=12381"}],"curies":[{"name":"wp","href":"https:\/\/api.w.org\/{rel}","templated":true}]}}