{"id":12463,"date":"2021-06-23T14:06:01","date_gmt":"2021-06-23T14:06:01","guid":{"rendered":"https:\/\/server.idssoft.net\/idsdemo\/producto\/microfono-mic-studio-tripode-ajustable-woxter\/"},"modified":"2021-06-23T14:06:01","modified_gmt":"2021-06-23T14:06:01","slug":"microfono-mic-studio-tripode-ajustable-woxter","status":"publish","type":"product","link":"https:\/\/server.idssoft.net\/idsdemo\/producto\/microfono-mic-studio-tripode-ajustable-woxter\/","title":{"rendered":"MICROFONO MIC STUDIO | TRIPODE AJUSTABLE | WOXTER"},"content":{"rendered":"<p>&#8211; Micr\u00f3fono de condensaci\u00f3n de dise\u00f1o vintage \/ Fabricado en material ABS de m\u00e1xima calidad.<br \/>&#8211; Con filtro Pop Killer, ayuda a la eliminaci\u00f3n de ruidos y mantiene una ac\u00fastica totalmente transparente.<br \/>&#8211; Incluye tr\u00edpode ajustable en incli<\/p>\n","protected":false},"excerpt":{"rendered":"<p>&#8211; Micr\u00f3fono de condensaci\u00f3n de dise\u00f1o vintage \/ Fabricado en material ABS de m\u00e1xima calidad.&#8211; Con filtro Pop Killer, ayuda a la eliminaci\u00f3n de ruidos y mantiene una ac\u00fastica totalmente transparente.&#8211; Incluye tr\u00edpode ajustable en incli<\/p>\n","protected":false},"featured_media":12461,"comment_status":"open","ping_status":"closed","template":"","meta":[],"product_cat":[475],"product_tag":[],"class_list":["post-12463","product","type-product","status-publish","has-post-thumbnail","hentry","product_cat-microfonos","thunk-woo-product-list","opn-qv-enable","top-store-woo-hover-","top-store-single-product-tab-horizontal","top-store-shadow-","top-store-shadow-hover-"],"_links":{"self":[{"href":"https:\/\/server.idssoft.net\/idsdemo\/wp-json\/wp\/v2\/product\/12463","targetHints":{"allow":["GET"]}}],"collection":[{"href":"https:\/\/server.idssoft.net\/idsdemo\/wp-json\/wp\/v2\/product"}],"about":[{"href":"https:\/\/server.idssoft.net\/idsdemo\/wp-json\/wp\/v2\/types\/product"}],"replies":[{"embeddable":true,"href":"https:\/\/server.idssoft.net\/idsdemo\/wp-json\/wp\/v2\/comments?post=12463"}],"wp:featuredmedia":[{"embeddable":true,"href":"https:\/\/server.idssoft.net\/idsdemo\/wp-json\/wp\/v2\/media\/12461"}],"wp:attachment":[{"href":"https:\/\/server.idssoft.net\/idsdemo\/wp-json\/wp\/v2\/media?parent=12463"}],"wp:term":[{"taxonomy":"product_cat","embeddable":true,"href":"https:\/\/server.idssoft.net\/idsdemo\/wp-json\/wp\/v2\/product_cat?post=12463"},{"taxonomy":"product_tag","embeddable":true,"href":"https:\/\/server.idssoft.net\/idsdemo\/wp-json\/wp\/v2\/product_tag?post=12463"}],"curies":[{"name":"wp","href":"https:\/\/api.w.org\/{rel}","templated":true}]}}