{"id":12501,"date":"2021-06-23T14:07:13","date_gmt":"2021-06-23T14:07:13","guid":{"rendered":"https:\/\/server.idssoft.net\/idsdemo\/producto\/telefono-temporis-10-blanco-alcatel\/"},"modified":"2021-06-23T14:07:13","modified_gmt":"2021-06-23T14:07:13","slug":"telefono-temporis-10-blanco-alcatel","status":"publish","type":"product","link":"https:\/\/server.idssoft.net\/idsdemo\/producto\/telefono-temporis-10-blanco-alcatel\/","title":{"rendered":"TELEFONO TEMPORIS 10 BLANCO ALCATEL"},"content":{"rendered":"<p>Tipo: Tel\u00e9fono anal\u00f3gico<br \/>Contestador autom\u00e1tico: No<br \/>N\u00famero de melod\u00edas: 1<br \/>Tipo de montaje: Escritorio\/pared<br \/>Color del producto: Blanco<br \/>Altavoz: No<br \/>Micr\u00f3fono mudo: Si<br \/>Marcaci\u00f3n: Tono\/Pulso<br \/>Identificador de<\/p>\n","protected":false},"excerpt":{"rendered":"<p>Tipo: Tel\u00e9fono anal\u00f3gicoContestador autom\u00e1tico: NoN\u00famero de melod\u00edas: 1Tipo de montaje: Escritorio\/paredColor del producto: BlancoAltavoz: NoMicr\u00f3fono mudo: SiMarcaci\u00f3n: Tono\/PulsoIdentificador de<\/p>\n","protected":false},"featured_media":12499,"comment_status":"open","ping_status":"closed","template":"","meta":[],"product_cat":[487],"product_tag":[],"class_list":["post-12501","product","type-product","status-publish","has-post-thumbnail","hentry","product_cat-telefona-fija-sobremesa","thunk-woo-product-list","opn-qv-enable","top-store-woo-hover-","top-store-single-product-tab-horizontal","top-store-shadow-","top-store-shadow-hover-"],"_links":{"self":[{"href":"https:\/\/server.idssoft.net\/idsdemo\/wp-json\/wp\/v2\/product\/12501","targetHints":{"allow":["GET"]}}],"collection":[{"href":"https:\/\/server.idssoft.net\/idsdemo\/wp-json\/wp\/v2\/product"}],"about":[{"href":"https:\/\/server.idssoft.net\/idsdemo\/wp-json\/wp\/v2\/types\/product"}],"replies":[{"embeddable":true,"href":"https:\/\/server.idssoft.net\/idsdemo\/wp-json\/wp\/v2\/comments?post=12501"}],"wp:featuredmedia":[{"embeddable":true,"href":"https:\/\/server.idssoft.net\/idsdemo\/wp-json\/wp\/v2\/media\/12499"}],"wp:attachment":[{"href":"https:\/\/server.idssoft.net\/idsdemo\/wp-json\/wp\/v2\/media?parent=12501"}],"wp:term":[{"taxonomy":"product_cat","embeddable":true,"href":"https:\/\/server.idssoft.net\/idsdemo\/wp-json\/wp\/v2\/product_cat?post=12501"},{"taxonomy":"product_tag","embeddable":true,"href":"https:\/\/server.idssoft.net\/idsdemo\/wp-json\/wp\/v2\/product_tag?post=12501"}],"curies":[{"name":"wp","href":"https:\/\/api.w.org\/{rel}","templated":true}]}}