{"id":12518,"date":"2021-06-23T14:07:44","date_gmt":"2021-06-23T14:07:44","guid":{"rendered":"https:\/\/server.idssoft.net\/idsdemo\/producto\/consola-dj-p32-hercules\/"},"modified":"2021-06-23T14:07:44","modified_gmt":"2021-06-23T14:07:44","slug":"consola-dj-p32-hercules","status":"publish","type":"product","link":"https:\/\/server.idssoft.net\/idsdemo\/producto\/consola-dj-p32-hercules\/","title":{"rendered":"CONSOLA DJ P32 HERCULES"},"content":{"rendered":"<p>&#8211; Dise\u00f1ada para aspirantes a DJ creativos<br \/>-Reproduce tus pistas de m\u00fasica favoritas y m\u00e9zclalas en directo<br \/>&#8211; Dise\u00f1o intuitivo con control directo de funciones de mezcla<br \/>32 pads de producci\u00f3n de alta calidad y retroalimentaci\u00f3n lumino<\/p>\n","protected":false},"excerpt":{"rendered":"<p>&#8211; Dise\u00f1ada para aspirantes a DJ creativos-Reproduce tus pistas de m\u00fasica favoritas y m\u00e9zclalas en directo&#8211; Dise\u00f1o intuitivo con control directo de funciones de mezcla32 pads de producci\u00f3n de alta calidad y retroalimentaci\u00f3n lumino<\/p>\n","protected":false},"featured_media":12515,"comment_status":"open","ping_status":"closed","template":"","meta":[],"product_cat":[473],"product_tag":[],"class_list":["post-12518","product","type-product","status-publish","has-post-thumbnail","hentry","product_cat-mesas-de-mezcla","thunk-woo-product-list","opn-qv-enable","top-store-woo-hover-","top-store-single-product-tab-horizontal","top-store-shadow-","top-store-shadow-hover-"],"_links":{"self":[{"href":"https:\/\/server.idssoft.net\/idsdemo\/wp-json\/wp\/v2\/product\/12518","targetHints":{"allow":["GET"]}}],"collection":[{"href":"https:\/\/server.idssoft.net\/idsdemo\/wp-json\/wp\/v2\/product"}],"about":[{"href":"https:\/\/server.idssoft.net\/idsdemo\/wp-json\/wp\/v2\/types\/product"}],"replies":[{"embeddable":true,"href":"https:\/\/server.idssoft.net\/idsdemo\/wp-json\/wp\/v2\/comments?post=12518"}],"wp:featuredmedia":[{"embeddable":true,"href":"https:\/\/server.idssoft.net\/idsdemo\/wp-json\/wp\/v2\/media\/12515"}],"wp:attachment":[{"href":"https:\/\/server.idssoft.net\/idsdemo\/wp-json\/wp\/v2\/media?parent=12518"}],"wp:term":[{"taxonomy":"product_cat","embeddable":true,"href":"https:\/\/server.idssoft.net\/idsdemo\/wp-json\/wp\/v2\/product_cat?post=12518"},{"taxonomy":"product_tag","embeddable":true,"href":"https:\/\/server.idssoft.net\/idsdemo\/wp-json\/wp\/v2\/product_tag?post=12518"}],"curies":[{"name":"wp","href":"https:\/\/api.w.org\/{rel}","templated":true}]}}