{"id":12522,"date":"2021-06-23T14:07:52","date_gmt":"2021-06-23T14:07:52","guid":{"rendered":"https:\/\/server.idssoft.net\/idsdemo\/producto\/gel-higienizante-hidroalcoholico-1-litro\/"},"modified":"2021-06-23T14:07:52","modified_gmt":"2021-06-23T14:07:52","slug":"gel-higienizante-hidroalcoholico-1-litro","status":"publish","type":"product","link":"https:\/\/server.idssoft.net\/idsdemo\/producto\/gel-higienizante-hidroalcoholico-1-litro\/","title":{"rendered":"GEL HIGIENIZANTE HIDROALCOH\u00d3LICO 1 LITRO"},"content":{"rendered":"<p>PROPIEDADES Y APLICACIONES: Formulaci\u00f3n para lavado manual de manos recomendada por la OMS<br \/>Tambi\u00e9n es un producto recomendado (formula 2) a base de alcohol isoprop\u00edlico y per\u00f3xido de hidrogeno, con excipientes protectores de la piel, que pued<\/p>\n","protected":false},"excerpt":{"rendered":"<p>PROPIEDADES Y APLICACIONES: Formulaci\u00f3n para lavado manual de manos recomendada por la OMSTambi\u00e9n es un producto recomendado (formula 2) a base de alcohol isoprop\u00edlico y per\u00f3xido de hidrogeno, con excipientes protectores de la piel, que pued<\/p>\n","protected":false},"featured_media":12521,"comment_status":"open","ping_status":"closed","template":"","meta":[],"product_cat":[651],"product_tag":[],"class_list":["post-12522","product","type-product","status-publish","has-post-thumbnail","hentry","product_cat-geles-sprays","thunk-woo-product-list","opn-qv-enable","top-store-woo-hover-","top-store-single-product-tab-horizontal","top-store-shadow-","top-store-shadow-hover-"],"_links":{"self":[{"href":"https:\/\/server.idssoft.net\/idsdemo\/wp-json\/wp\/v2\/product\/12522","targetHints":{"allow":["GET"]}}],"collection":[{"href":"https:\/\/server.idssoft.net\/idsdemo\/wp-json\/wp\/v2\/product"}],"about":[{"href":"https:\/\/server.idssoft.net\/idsdemo\/wp-json\/wp\/v2\/types\/product"}],"replies":[{"embeddable":true,"href":"https:\/\/server.idssoft.net\/idsdemo\/wp-json\/wp\/v2\/comments?post=12522"}],"wp:featuredmedia":[{"embeddable":true,"href":"https:\/\/server.idssoft.net\/idsdemo\/wp-json\/wp\/v2\/media\/12521"}],"wp:attachment":[{"href":"https:\/\/server.idssoft.net\/idsdemo\/wp-json\/wp\/v2\/media?parent=12522"}],"wp:term":[{"taxonomy":"product_cat","embeddable":true,"href":"https:\/\/server.idssoft.net\/idsdemo\/wp-json\/wp\/v2\/product_cat?post=12522"},{"taxonomy":"product_tag","embeddable":true,"href":"https:\/\/server.idssoft.net\/idsdemo\/wp-json\/wp\/v2\/product_tag?post=12522"}],"curies":[{"name":"wp","href":"https:\/\/api.w.org\/{rel}","templated":true}]}}