{"id":12564,"date":"2021-06-23T14:09:22","date_gmt":"2021-06-23T14:09:22","guid":{"rendered":"https:\/\/server.idssoft.net\/idsdemo\/producto\/solucion-hidroalcoholica-750cl-70-higienizacion-en-seco-con\/"},"modified":"2021-06-23T14:09:22","modified_gmt":"2021-06-23T14:09:22","slug":"solucion-hidroalcoholica-750cl-70-higienizacion-en-seco-con","status":"publish","type":"product","link":"https:\/\/server.idssoft.net\/idsdemo\/producto\/solucion-hidroalcoholica-750cl-70-higienizacion-en-seco-con\/","title":{"rendered":"SOLUCION HIDROALCOHOLICA 750CL 70% HIGIENIZACI\u00d3N EN SECO CON"},"content":{"rendered":"<p>&#8211; Caracter\u00edsticas: soluci\u00f3n hieginizante en base alcoh\u00f3lica para limpiar e higienizar todas las superficies. <br \/>&#8211; Contenido m\u00ednimo de alcohol: 70%<br \/>&#8211; Aplicaciones: apto para todo tipo de superficies e higienizar pantallas, cajas registradoras<\/p>\n","protected":false},"excerpt":{"rendered":"<p>&#8211; Caracter\u00edsticas: soluci\u00f3n hieginizante en base alcoh\u00f3lica para limpiar e higienizar todas las superficies. &#8211; Contenido m\u00ednimo de alcohol: 70%&#8211; Aplicaciones: apto para todo tipo de superficies e higienizar pantallas, cajas registradoras<\/p>\n","protected":false},"featured_media":12563,"comment_status":"open","ping_status":"closed","template":"","meta":[],"product_cat":[651],"product_tag":[],"class_list":["post-12564","product","type-product","status-publish","has-post-thumbnail","hentry","product_cat-geles-sprays","thunk-woo-product-list","opn-qv-enable","top-store-woo-hover-","top-store-single-product-tab-horizontal","top-store-shadow-","top-store-shadow-hover-"],"_links":{"self":[{"href":"https:\/\/server.idssoft.net\/idsdemo\/wp-json\/wp\/v2\/product\/12564","targetHints":{"allow":["GET"]}}],"collection":[{"href":"https:\/\/server.idssoft.net\/idsdemo\/wp-json\/wp\/v2\/product"}],"about":[{"href":"https:\/\/server.idssoft.net\/idsdemo\/wp-json\/wp\/v2\/types\/product"}],"replies":[{"embeddable":true,"href":"https:\/\/server.idssoft.net\/idsdemo\/wp-json\/wp\/v2\/comments?post=12564"}],"wp:featuredmedia":[{"embeddable":true,"href":"https:\/\/server.idssoft.net\/idsdemo\/wp-json\/wp\/v2\/media\/12563"}],"wp:attachment":[{"href":"https:\/\/server.idssoft.net\/idsdemo\/wp-json\/wp\/v2\/media?parent=12564"}],"wp:term":[{"taxonomy":"product_cat","embeddable":true,"href":"https:\/\/server.idssoft.net\/idsdemo\/wp-json\/wp\/v2\/product_cat?post=12564"},{"taxonomy":"product_tag","embeddable":true,"href":"https:\/\/server.idssoft.net\/idsdemo\/wp-json\/wp\/v2\/product_tag?post=12564"}],"curies":[{"name":"wp","href":"https:\/\/api.w.org\/{rel}","templated":true}]}}