{"id":12572,"date":"2021-06-23T14:09:37","date_gmt":"2021-06-23T14:09:37","guid":{"rendered":"https:\/\/server.idssoft.net\/idsdemo\/producto\/auriculares-bluetooth-35-horas-autonomia-azul-sony\/"},"modified":"2021-06-23T14:09:37","modified_gmt":"2021-06-23T14:09:37","slug":"auriculares-bluetooth-35-horas-autonomia-azul-sony","status":"publish","type":"product","link":"https:\/\/server.idssoft.net\/idsdemo\/producto\/auriculares-bluetooth-35-horas-autonomia-azul-sony\/","title":{"rendered":"AURICULARES BLUETOOTH 35 HORAS AUTONOMIA AZUL SONY"},"content":{"rendered":"<p>&#8211; Conexi\u00f3n bluetooth inal\u00e1mbrica para disfrutar de un movimiento sin restricciones<br \/>&#8211; Funci\u00f3n de carga r\u00e1pida y hasta 35 horas de duraci\u00f3n de bater\u00eda para utilizarlos durante todo el d\u00eda<br \/>&#8211; Sencillas funciones de llamadas con manos libres<\/p>\n","protected":false},"excerpt":{"rendered":"<p>&#8211; Conexi\u00f3n bluetooth inal\u00e1mbrica para disfrutar de un movimiento sin restricciones&#8211; Funci\u00f3n de carga r\u00e1pida y hasta 35 horas de duraci\u00f3n de bater\u00eda para utilizarlos durante todo el d\u00eda&#8211; Sencillas funciones de llamadas con manos libres<\/p>\n","protected":false},"featured_media":12570,"comment_status":"open","ping_status":"closed","template":"","meta":[],"product_cat":[476],"product_tag":[],"class_list":["post-12572","product","type-product","status-publish","has-post-thumbnail","hentry","product_cat-auriculares-bluetooth","thunk-woo-product-list","opn-qv-enable","top-store-woo-hover-","top-store-single-product-tab-horizontal","top-store-shadow-","top-store-shadow-hover-"],"_links":{"self":[{"href":"https:\/\/server.idssoft.net\/idsdemo\/wp-json\/wp\/v2\/product\/12572","targetHints":{"allow":["GET"]}}],"collection":[{"href":"https:\/\/server.idssoft.net\/idsdemo\/wp-json\/wp\/v2\/product"}],"about":[{"href":"https:\/\/server.idssoft.net\/idsdemo\/wp-json\/wp\/v2\/types\/product"}],"replies":[{"embeddable":true,"href":"https:\/\/server.idssoft.net\/idsdemo\/wp-json\/wp\/v2\/comments?post=12572"}],"wp:featuredmedia":[{"embeddable":true,"href":"https:\/\/server.idssoft.net\/idsdemo\/wp-json\/wp\/v2\/media\/12570"}],"wp:attachment":[{"href":"https:\/\/server.idssoft.net\/idsdemo\/wp-json\/wp\/v2\/media?parent=12572"}],"wp:term":[{"taxonomy":"product_cat","embeddable":true,"href":"https:\/\/server.idssoft.net\/idsdemo\/wp-json\/wp\/v2\/product_cat?post=12572"},{"taxonomy":"product_tag","embeddable":true,"href":"https:\/\/server.idssoft.net\/idsdemo\/wp-json\/wp\/v2\/product_tag?post=12572"}],"curies":[{"name":"wp","href":"https:\/\/api.w.org\/{rel}","templated":true}]}}