{"id":12575,"date":"2021-06-23T14:09:42","date_gmt":"2021-06-23T14:09:42","guid":{"rendered":"https:\/\/server.idssoft.net\/idsdemo\/producto\/banco-jardin-3-plazas-orchidea-blanco\/"},"modified":"2021-06-23T14:09:42","modified_gmt":"2021-06-23T14:09:42","slug":"banco-jardin-3-plazas-orchidea-blanco","status":"publish","type":"product","link":"https:\/\/server.idssoft.net\/idsdemo\/producto\/banco-jardin-3-plazas-orchidea-blanco\/","title":{"rendered":"BANCO JARDIN 3 PLAZAS ORCHIDEA BLANCO"},"content":{"rendered":"<p>Provee confort para el jard\u00edn de casa, el porche o la veranda.<\/p>\n<p>Ventajas del producto:<\/p>\n<p>De pl\u00e1stico duradero, resistente a la intemperie<br \/>Con respaldo para una mayor comodidad<br \/>Con un dise\u00f1o que no pasa de moda<br \/>Su base le<\/p>\n","protected":false},"excerpt":{"rendered":"<p>Provee confort para el jard\u00edn de casa, el porche o la veranda. Ventajas del producto: De pl\u00e1stico duradero, resistente a la intemperieCon respaldo para una mayor comodidadCon un dise\u00f1o que no pasa de modaSu base le<\/p>\n","protected":false},"featured_media":12573,"comment_status":"open","ping_status":"closed","template":"","meta":[],"product_cat":[533],"product_tag":[],"class_list":["post-12575","product","type-product","status-publish","has-post-thumbnail","hentry","product_cat-sillas","thunk-woo-product-list","opn-qv-enable","top-store-woo-hover-","top-store-single-product-tab-horizontal","top-store-shadow-","top-store-shadow-hover-"],"_links":{"self":[{"href":"https:\/\/server.idssoft.net\/idsdemo\/wp-json\/wp\/v2\/product\/12575","targetHints":{"allow":["GET"]}}],"collection":[{"href":"https:\/\/server.idssoft.net\/idsdemo\/wp-json\/wp\/v2\/product"}],"about":[{"href":"https:\/\/server.idssoft.net\/idsdemo\/wp-json\/wp\/v2\/types\/product"}],"replies":[{"embeddable":true,"href":"https:\/\/server.idssoft.net\/idsdemo\/wp-json\/wp\/v2\/comments?post=12575"}],"wp:featuredmedia":[{"embeddable":true,"href":"https:\/\/server.idssoft.net\/idsdemo\/wp-json\/wp\/v2\/media\/12573"}],"wp:attachment":[{"href":"https:\/\/server.idssoft.net\/idsdemo\/wp-json\/wp\/v2\/media?parent=12575"}],"wp:term":[{"taxonomy":"product_cat","embeddable":true,"href":"https:\/\/server.idssoft.net\/idsdemo\/wp-json\/wp\/v2\/product_cat?post=12575"},{"taxonomy":"product_tag","embeddable":true,"href":"https:\/\/server.idssoft.net\/idsdemo\/wp-json\/wp\/v2\/product_tag?post=12575"}],"curies":[{"name":"wp","href":"https:\/\/api.w.org\/{rel}","templated":true}]}}