{"id":12579,"date":"2021-06-23T14:09:48","date_gmt":"2021-06-23T14:09:48","guid":{"rendered":"https:\/\/server.idssoft.net\/idsdemo\/producto\/banco-plegable-blanco-1-8mtrs\/"},"modified":"2021-06-23T14:09:48","modified_gmt":"2021-06-23T14:09:48","slug":"banco-plegable-blanco-1-8mtrs","status":"publish","type":"product","link":"https:\/\/server.idssoft.net\/idsdemo\/producto\/banco-plegable-blanco-1-8mtrs\/","title":{"rendered":"BANCO PLEGABLE BLANCO 1.8MTRS"},"content":{"rendered":"<p>Banco de resina plegable en color blanco para interior y exterior. Dispone de un sistema de seguridad y bloqueo adem\u00e1s de asa de goma para un f\u00e1cil transporte. El banco puede plegarse de manera sencilla y convertirse en un peque\u00f1o malet\u00edn muy f\u00e1c<\/p>\n","protected":false},"excerpt":{"rendered":"<p>Banco de resina plegable en color blanco para interior y exterior. Dispone de un sistema de seguridad y bloqueo adem\u00e1s de asa de goma para un f\u00e1cil transporte. El banco puede plegarse de manera sencilla y convertirse en un peque\u00f1o malet\u00edn muy f\u00e1c<\/p>\n","protected":false},"featured_media":12576,"comment_status":"open","ping_status":"closed","template":"","meta":[],"product_cat":[533],"product_tag":[],"class_list":["post-12579","product","type-product","status-publish","has-post-thumbnail","hentry","product_cat-sillas","thunk-woo-product-list","opn-qv-enable","top-store-woo-hover-","top-store-single-product-tab-horizontal","top-store-shadow-","top-store-shadow-hover-"],"_links":{"self":[{"href":"https:\/\/server.idssoft.net\/idsdemo\/wp-json\/wp\/v2\/product\/12579","targetHints":{"allow":["GET"]}}],"collection":[{"href":"https:\/\/server.idssoft.net\/idsdemo\/wp-json\/wp\/v2\/product"}],"about":[{"href":"https:\/\/server.idssoft.net\/idsdemo\/wp-json\/wp\/v2\/types\/product"}],"replies":[{"embeddable":true,"href":"https:\/\/server.idssoft.net\/idsdemo\/wp-json\/wp\/v2\/comments?post=12579"}],"wp:featuredmedia":[{"embeddable":true,"href":"https:\/\/server.idssoft.net\/idsdemo\/wp-json\/wp\/v2\/media\/12576"}],"wp:attachment":[{"href":"https:\/\/server.idssoft.net\/idsdemo\/wp-json\/wp\/v2\/media?parent=12579"}],"wp:term":[{"taxonomy":"product_cat","embeddable":true,"href":"https:\/\/server.idssoft.net\/idsdemo\/wp-json\/wp\/v2\/product_cat?post=12579"},{"taxonomy":"product_tag","embeddable":true,"href":"https:\/\/server.idssoft.net\/idsdemo\/wp-json\/wp\/v2\/product_tag?post=12579"}],"curies":[{"name":"wp","href":"https:\/\/api.w.org\/{rel}","templated":true}]}}