{"id":12582,"date":"2021-06-23T14:09:54","date_gmt":"2021-06-23T14:09:54","guid":{"rendered":"https:\/\/server.idssoft.net\/idsdemo\/producto\/conjunto-de-jardin-mesa-y-2-sillones-con-cojines-tree-antrac\/"},"modified":"2021-06-23T14:09:54","modified_gmt":"2021-06-23T14:09:54","slug":"conjunto-de-jardin-mesa-y-2-sillones-con-cojines-tree-antrac","status":"publish","type":"product","link":"https:\/\/server.idssoft.net\/idsdemo\/producto\/conjunto-de-jardin-mesa-y-2-sillones-con-cojines-tree-antrac\/","title":{"rendered":"CONJUNTO DE JARDIN MESA Y 2 SILLONES CON COJINES TREE ANTRAC"},"content":{"rendered":"<p>Conjunto de muebles de exterior compuesto por una mesa baja de almacenamiento y 2 sillas con respaldo alto y ergon\u00f3mico que incorporan un coj\u00edn para una comodidad superior. Conjunto de mesa y sillas de jard\u00edn ideal para combinar con cualquier tipo<\/p>\n","protected":false},"excerpt":{"rendered":"<p>Conjunto de muebles de exterior compuesto por una mesa baja de almacenamiento y 2 sillas con respaldo alto y ergon\u00f3mico que incorporan un coj\u00edn para una comodidad superior. Conjunto de mesa y sillas de jard\u00edn ideal para combinar con cualquier tipo<\/p>\n","protected":false},"featured_media":12580,"comment_status":"open","ping_status":"closed","template":"","meta":[],"product_cat":[534],"product_tag":[],"class_list":["post-12582","product","type-product","status-publish","has-post-thumbnail","hentry","product_cat-conjunto-mesa-y-sillas","thunk-woo-product-list","opn-qv-enable","top-store-woo-hover-","top-store-single-product-tab-horizontal","top-store-shadow-","top-store-shadow-hover-"],"_links":{"self":[{"href":"https:\/\/server.idssoft.net\/idsdemo\/wp-json\/wp\/v2\/product\/12582","targetHints":{"allow":["GET"]}}],"collection":[{"href":"https:\/\/server.idssoft.net\/idsdemo\/wp-json\/wp\/v2\/product"}],"about":[{"href":"https:\/\/server.idssoft.net\/idsdemo\/wp-json\/wp\/v2\/types\/product"}],"replies":[{"embeddable":true,"href":"https:\/\/server.idssoft.net\/idsdemo\/wp-json\/wp\/v2\/comments?post=12582"}],"wp:featuredmedia":[{"embeddable":true,"href":"https:\/\/server.idssoft.net\/idsdemo\/wp-json\/wp\/v2\/media\/12580"}],"wp:attachment":[{"href":"https:\/\/server.idssoft.net\/idsdemo\/wp-json\/wp\/v2\/media?parent=12582"}],"wp:term":[{"taxonomy":"product_cat","embeddable":true,"href":"https:\/\/server.idssoft.net\/idsdemo\/wp-json\/wp\/v2\/product_cat?post=12582"},{"taxonomy":"product_tag","embeddable":true,"href":"https:\/\/server.idssoft.net\/idsdemo\/wp-json\/wp\/v2\/product_tag?post=12582"}],"curies":[{"name":"wp","href":"https:\/\/api.w.org\/{rel}","templated":true}]}}