{"id":12593,"date":"2021-06-23T14:10:16","date_gmt":"2021-06-23T14:10:16","guid":{"rendered":"https:\/\/server.idssoft.net\/idsdemo\/producto\/taburete-plegable-resina-y-acero-30x45cm\/"},"modified":"2021-06-23T14:10:16","modified_gmt":"2021-06-23T14:10:16","slug":"taburete-plegable-resina-y-acero-30x45cm","status":"publish","type":"product","link":"https:\/\/server.idssoft.net\/idsdemo\/producto\/taburete-plegable-resina-y-acero-30x45cm\/","title":{"rendered":"TABURETE PLEGABLE RESINA Y ACERO 30X45CM"},"content":{"rendered":"<p>Taburete en color blanco con dise\u00f1o moderno y plegable dise\u00f1ado para no ocupar demasiado espacio cuando no est\u00e1 siendo utilizado. Banqueta plegable ideal para las visitas inesperadas o como asiento para la cocina. Puede transportarse sin esfuerzo g<\/p>\n","protected":false},"excerpt":{"rendered":"<p>Taburete en color blanco con dise\u00f1o moderno y plegable dise\u00f1ado para no ocupar demasiado espacio cuando no est\u00e1 siendo utilizado. Banqueta plegable ideal para las visitas inesperadas o como asiento para la cocina. Puede transportarse sin esfuerzo g<\/p>\n","protected":false},"featured_media":12591,"comment_status":"open","ping_status":"closed","template":"","meta":[],"product_cat":[543],"product_tag":[],"class_list":["post-12593","product","type-product","status-publish","has-post-thumbnail","hentry","product_cat-taburetes-escaleras","thunk-woo-product-list","opn-qv-enable","top-store-woo-hover-","top-store-single-product-tab-horizontal","top-store-shadow-","top-store-shadow-hover-"],"_links":{"self":[{"href":"https:\/\/server.idssoft.net\/idsdemo\/wp-json\/wp\/v2\/product\/12593","targetHints":{"allow":["GET"]}}],"collection":[{"href":"https:\/\/server.idssoft.net\/idsdemo\/wp-json\/wp\/v2\/product"}],"about":[{"href":"https:\/\/server.idssoft.net\/idsdemo\/wp-json\/wp\/v2\/types\/product"}],"replies":[{"embeddable":true,"href":"https:\/\/server.idssoft.net\/idsdemo\/wp-json\/wp\/v2\/comments?post=12593"}],"wp:featuredmedia":[{"embeddable":true,"href":"https:\/\/server.idssoft.net\/idsdemo\/wp-json\/wp\/v2\/media\/12591"}],"wp:attachment":[{"href":"https:\/\/server.idssoft.net\/idsdemo\/wp-json\/wp\/v2\/media?parent=12593"}],"wp:term":[{"taxonomy":"product_cat","embeddable":true,"href":"https:\/\/server.idssoft.net\/idsdemo\/wp-json\/wp\/v2\/product_cat?post=12593"},{"taxonomy":"product_tag","embeddable":true,"href":"https:\/\/server.idssoft.net\/idsdemo\/wp-json\/wp\/v2\/product_tag?post=12593"}],"curies":[{"name":"wp","href":"https:\/\/api.w.org\/{rel}","templated":true}]}}