{"id":12600,"date":"2021-06-23T14:10:30","date_gmt":"2021-06-23T14:10:30","guid":{"rendered":"https:\/\/server.idssoft.net\/idsdemo\/producto\/batidora-amasadora-250w-6-velocidades-bol-1-8l-acero-inox\/"},"modified":"2021-06-23T14:10:30","modified_gmt":"2021-06-23T14:10:30","slug":"batidora-amasadora-250w-6-velocidades-bol-1-8l-acero-inox","status":"publish","type":"product","link":"https:\/\/server.idssoft.net\/idsdemo\/producto\/batidora-amasadora-250w-6-velocidades-bol-1-8l-acero-inox\/","title":{"rendered":"BATIDORA AMASADORA 250W 6 VELOCIDADES BOL 1.8L ACERO INOX"},"content":{"rendered":"<p>&#8211; Incluye 2 juegos de varillas diferentes<br \/>&#8211; Bot\u00f3n para expulsar f\u00e1cilmente las varillas del cuerpo motor<br \/>&#8211; Bot\u00f3n para elevar y bajar el soporte de la batidora y sacar el bol<br \/>&#8211; Batidora de varillas ligera y de f\u00e1cil manejo<br \/>&#8211; Selecto<\/p>\n","protected":false},"excerpt":{"rendered":"<p>&#8211; Incluye 2 juegos de varillas diferentes&#8211; Bot\u00f3n para expulsar f\u00e1cilmente las varillas del cuerpo motor&#8211; Bot\u00f3n para elevar y bajar el soporte de la batidora y sacar el bol&#8211; Batidora de varillas ligera y de f\u00e1cil manejo&#8211; Selecto<\/p>\n","protected":false},"featured_media":12599,"comment_status":"open","ping_status":"closed","template":"","meta":[],"product_cat":[499],"product_tag":[],"class_list":["post-12600","product","type-product","status-publish","has-post-thumbnail","hentry","product_cat-batidoras-brazo","thunk-woo-product-list","opn-qv-enable","top-store-woo-hover-","top-store-single-product-tab-horizontal","top-store-shadow-","top-store-shadow-hover-"],"_links":{"self":[{"href":"https:\/\/server.idssoft.net\/idsdemo\/wp-json\/wp\/v2\/product\/12600","targetHints":{"allow":["GET"]}}],"collection":[{"href":"https:\/\/server.idssoft.net\/idsdemo\/wp-json\/wp\/v2\/product"}],"about":[{"href":"https:\/\/server.idssoft.net\/idsdemo\/wp-json\/wp\/v2\/types\/product"}],"replies":[{"embeddable":true,"href":"https:\/\/server.idssoft.net\/idsdemo\/wp-json\/wp\/v2\/comments?post=12600"}],"wp:featuredmedia":[{"embeddable":true,"href":"https:\/\/server.idssoft.net\/idsdemo\/wp-json\/wp\/v2\/media\/12599"}],"wp:attachment":[{"href":"https:\/\/server.idssoft.net\/idsdemo\/wp-json\/wp\/v2\/media?parent=12600"}],"wp:term":[{"taxonomy":"product_cat","embeddable":true,"href":"https:\/\/server.idssoft.net\/idsdemo\/wp-json\/wp\/v2\/product_cat?post=12600"},{"taxonomy":"product_tag","embeddable":true,"href":"https:\/\/server.idssoft.net\/idsdemo\/wp-json\/wp\/v2\/product_tag?post=12600"}],"curies":[{"name":"wp","href":"https:\/\/api.w.org\/{rel}","templated":true}]}}