{"id":12608,"date":"2021-06-23T14:10:43","date_gmt":"2021-06-23T14:10:43","guid":{"rendered":"https:\/\/server.idssoft.net\/idsdemo\/producto\/auriculares-bluetooth-35-horas-autonomia-blanco-sony\/"},"modified":"2021-06-23T14:10:43","modified_gmt":"2021-06-23T14:10:43","slug":"auriculares-bluetooth-35-horas-autonomia-blanco-sony","status":"publish","type":"product","link":"https:\/\/server.idssoft.net\/idsdemo\/producto\/auriculares-bluetooth-35-horas-autonomia-blanco-sony\/","title":{"rendered":"AURICULARES BLUETOOTH 35 HORAS AUTONOMIA BLANCO SONY"},"content":{"rendered":"<p>&#8211; Conexi\u00f3n bluetooth inal\u00e1mbrica para disfrutar de un movimiento sin restricciones<br \/>&#8211; Funci\u00f3n de carga r\u00e1pida y hasta 35 horas de duraci\u00f3n de bater\u00eda para utilizarlos durante todo el d\u00eda<br \/>&#8211; Sencillas funciones de llamadas con manos libres<\/p>\n","protected":false},"excerpt":{"rendered":"<p>&#8211; Conexi\u00f3n bluetooth inal\u00e1mbrica para disfrutar de un movimiento sin restricciones&#8211; Funci\u00f3n de carga r\u00e1pida y hasta 35 horas de duraci\u00f3n de bater\u00eda para utilizarlos durante todo el d\u00eda&#8211; Sencillas funciones de llamadas con manos libres<\/p>\n","protected":false},"featured_media":12606,"comment_status":"open","ping_status":"closed","template":"","meta":[],"product_cat":[476],"product_tag":[],"class_list":["post-12608","product","type-product","status-publish","has-post-thumbnail","hentry","product_cat-auriculares-bluetooth","thunk-woo-product-list","opn-qv-enable","top-store-woo-hover-","top-store-single-product-tab-horizontal","top-store-shadow-","top-store-shadow-hover-"],"_links":{"self":[{"href":"https:\/\/server.idssoft.net\/idsdemo\/wp-json\/wp\/v2\/product\/12608","targetHints":{"allow":["GET"]}}],"collection":[{"href":"https:\/\/server.idssoft.net\/idsdemo\/wp-json\/wp\/v2\/product"}],"about":[{"href":"https:\/\/server.idssoft.net\/idsdemo\/wp-json\/wp\/v2\/types\/product"}],"replies":[{"embeddable":true,"href":"https:\/\/server.idssoft.net\/idsdemo\/wp-json\/wp\/v2\/comments?post=12608"}],"wp:featuredmedia":[{"embeddable":true,"href":"https:\/\/server.idssoft.net\/idsdemo\/wp-json\/wp\/v2\/media\/12606"}],"wp:attachment":[{"href":"https:\/\/server.idssoft.net\/idsdemo\/wp-json\/wp\/v2\/media?parent=12608"}],"wp:term":[{"taxonomy":"product_cat","embeddable":true,"href":"https:\/\/server.idssoft.net\/idsdemo\/wp-json\/wp\/v2\/product_cat?post=12608"},{"taxonomy":"product_tag","embeddable":true,"href":"https:\/\/server.idssoft.net\/idsdemo\/wp-json\/wp\/v2\/product_tag?post=12608"}],"curies":[{"name":"wp","href":"https:\/\/api.w.org\/{rel}","templated":true}]}}