{"id":12637,"date":"2021-06-23T14:11:38","date_gmt":"2021-06-23T14:11:38","guid":{"rendered":"https:\/\/server.idssoft.net\/idsdemo\/producto\/silla-infantil-camelia-verde-36-5x40x52cm\/"},"modified":"2021-06-23T14:11:38","modified_gmt":"2021-06-23T14:11:38","slug":"silla-infantil-camelia-verde-36-5x40x52cm","status":"publish","type":"product","link":"https:\/\/server.idssoft.net\/idsdemo\/producto\/silla-infantil-camelia-verde-36-5x40x52cm\/","title":{"rendered":"SILLA INFANTIL CAMELIA VERDE 36.5X40X52CM"},"content":{"rendered":"<p>&#8211; Silla infantil para ni\u00f1os de 2 +<br \/>&#8211; Pl\u00e1stico duradero y f\u00e1cil de limpiar.<br \/>&#8211; Apilables.  <\/p>\n","protected":false},"excerpt":{"rendered":"<p>&#8211; Silla infantil para ni\u00f1os de 2 +&#8211; Pl\u00e1stico duradero y f\u00e1cil de limpiar.&#8211; Apilables.<\/p>\n","protected":false},"featured_media":12636,"comment_status":"open","ping_status":"closed","template":"","meta":[],"product_cat":[533],"product_tag":[],"class_list":["post-12637","product","type-product","status-publish","has-post-thumbnail","hentry","product_cat-sillas","thunk-woo-product-list","opn-qv-enable","top-store-woo-hover-","top-store-single-product-tab-horizontal","top-store-shadow-","top-store-shadow-hover-"],"_links":{"self":[{"href":"https:\/\/server.idssoft.net\/idsdemo\/wp-json\/wp\/v2\/product\/12637","targetHints":{"allow":["GET"]}}],"collection":[{"href":"https:\/\/server.idssoft.net\/idsdemo\/wp-json\/wp\/v2\/product"}],"about":[{"href":"https:\/\/server.idssoft.net\/idsdemo\/wp-json\/wp\/v2\/types\/product"}],"replies":[{"embeddable":true,"href":"https:\/\/server.idssoft.net\/idsdemo\/wp-json\/wp\/v2\/comments?post=12637"}],"wp:featuredmedia":[{"embeddable":true,"href":"https:\/\/server.idssoft.net\/idsdemo\/wp-json\/wp\/v2\/media\/12636"}],"wp:attachment":[{"href":"https:\/\/server.idssoft.net\/idsdemo\/wp-json\/wp\/v2\/media?parent=12637"}],"wp:term":[{"taxonomy":"product_cat","embeddable":true,"href":"https:\/\/server.idssoft.net\/idsdemo\/wp-json\/wp\/v2\/product_cat?post=12637"},{"taxonomy":"product_tag","embeddable":true,"href":"https:\/\/server.idssoft.net\/idsdemo\/wp-json\/wp\/v2\/product_tag?post=12637"}],"curies":[{"name":"wp","href":"https:\/\/api.w.org\/{rel}","templated":true}]}}