{"id":12671,"date":"2021-06-23T14:12:52","date_gmt":"2021-06-23T14:12:52","guid":{"rendered":"https:\/\/server.idssoft.net\/idsdemo\/producto\/molinillo-mo3200-200w-cuchilla-acero-inox-tapa-pulsador\/"},"modified":"2021-06-23T14:12:52","modified_gmt":"2021-06-23T14:12:52","slug":"molinillo-mo3200-200w-cuchilla-acero-inox-tapa-pulsador","status":"publish","type":"product","link":"https:\/\/server.idssoft.net\/idsdemo\/producto\/molinillo-mo3200-200w-cuchilla-acero-inox-tapa-pulsador\/","title":{"rendered":"MOLINILLO MO3200 200W | CUCHILLA ACERO INOX | TAPA PULSADOR"},"content":{"rendered":"<p>&#8211; Molinillo de caf\u00e9.<br \/>&#8211; Potencia 200W.<br \/>&#8211; Cuchilla de acero inoxidable.<br \/>&#8211; Tapa transparente para ver el caf\u00e9 molido.<br \/>&#8211; Tapa con pulsador de seguridad.<br \/>&#8211; Conexi\u00f3n: 230V~50Hz  <\/p>\n","protected":false},"excerpt":{"rendered":"<p>&#8211; Molinillo de caf\u00e9.&#8211; Potencia 200W.&#8211; Cuchilla de acero inoxidable.&#8211; Tapa transparente para ver el caf\u00e9 molido.&#8211; Tapa con pulsador de seguridad.&#8211; Conexi\u00f3n: 230V~50Hz<\/p>\n","protected":false},"featured_media":12670,"comment_status":"open","ping_status":"closed","template":"","meta":[],"product_cat":[514],"product_tag":[],"class_list":["post-12671","product","type-product","status-publish","has-post-thumbnail","hentry","product_cat-cortadoras-molinillos","thunk-woo-product-list","opn-qv-enable","top-store-woo-hover-","top-store-single-product-tab-horizontal","top-store-shadow-","top-store-shadow-hover-"],"_links":{"self":[{"href":"https:\/\/server.idssoft.net\/idsdemo\/wp-json\/wp\/v2\/product\/12671","targetHints":{"allow":["GET"]}}],"collection":[{"href":"https:\/\/server.idssoft.net\/idsdemo\/wp-json\/wp\/v2\/product"}],"about":[{"href":"https:\/\/server.idssoft.net\/idsdemo\/wp-json\/wp\/v2\/types\/product"}],"replies":[{"embeddable":true,"href":"https:\/\/server.idssoft.net\/idsdemo\/wp-json\/wp\/v2\/comments?post=12671"}],"wp:featuredmedia":[{"embeddable":true,"href":"https:\/\/server.idssoft.net\/idsdemo\/wp-json\/wp\/v2\/media\/12670"}],"wp:attachment":[{"href":"https:\/\/server.idssoft.net\/idsdemo\/wp-json\/wp\/v2\/media?parent=12671"}],"wp:term":[{"taxonomy":"product_cat","embeddable":true,"href":"https:\/\/server.idssoft.net\/idsdemo\/wp-json\/wp\/v2\/product_cat?post=12671"},{"taxonomy":"product_tag","embeddable":true,"href":"https:\/\/server.idssoft.net\/idsdemo\/wp-json\/wp\/v2\/product_tag?post=12671"}],"curies":[{"name":"wp","href":"https:\/\/api.w.org\/{rel}","templated":true}]}}