{"id":12677,"date":"2021-06-23T14:13:01","date_gmt":"2021-06-23T14:13:01","guid":{"rendered":"https:\/\/server.idssoft.net\/idsdemo\/producto\/bascula-de-cocina-pc1014-con-bol-1-5l-5kg-1gr-lcd-orbego\/"},"modified":"2021-06-23T14:13:01","modified_gmt":"2021-06-23T14:13:01","slug":"bascula-de-cocina-pc1014-con-bol-1-5l-5kg-1gr-lcd-orbego","status":"publish","type":"product","link":"https:\/\/server.idssoft.net\/idsdemo\/producto\/bascula-de-cocina-pc1014-con-bol-1-5l-5kg-1gr-lcd-orbego\/","title":{"rendered":"BASCULA DE COCINA PC1014 CON BOL 1.5L | 5KG\/1GR | LCD ORBEGO"},"content":{"rendered":"<p>&#8211; Peso de cocina electr\u00f3nico. <br \/>&#8211; Display LCD azul de f\u00e1cil lectura<br \/>&#8211; 58,3x27mm.<br \/>&#8211; Se\u00f1al ac\u00fastica con temporizador.<br \/>&#8211; Incluye bol de pesaje de 1,5 L.<br \/>&#8211; Capacidad max: 5kg.<br \/>&#8211; Escalado: 1g.<br \/>&#8211; Funciona a pilas: 2&#215;1.5V. Incl<\/p>\n","protected":false},"excerpt":{"rendered":"<p>&#8211; Peso de cocina electr\u00f3nico. &#8211; Display LCD azul de f\u00e1cil lectura&#8211; 58,3x27mm.&#8211; Se\u00f1al ac\u00fastica con temporizador.&#8211; Incluye bol de pesaje de 1,5 L.&#8211; Capacidad max: 5kg.&#8211; Escalado: 1g.&#8211; Funciona a pilas: 2&#215;1.5V. Incl<\/p>\n","protected":false},"featured_media":12675,"comment_status":"open","ping_status":"closed","template":"","meta":[],"product_cat":[507],"product_tag":[],"class_list":["post-12677","product","type-product","status-publish","has-post-thumbnail","hentry","product_cat-basculas-de-cocina","thunk-woo-product-list","opn-qv-enable","top-store-woo-hover-","top-store-single-product-tab-horizontal","top-store-shadow-","top-store-shadow-hover-"],"_links":{"self":[{"href":"https:\/\/server.idssoft.net\/idsdemo\/wp-json\/wp\/v2\/product\/12677","targetHints":{"allow":["GET"]}}],"collection":[{"href":"https:\/\/server.idssoft.net\/idsdemo\/wp-json\/wp\/v2\/product"}],"about":[{"href":"https:\/\/server.idssoft.net\/idsdemo\/wp-json\/wp\/v2\/types\/product"}],"replies":[{"embeddable":true,"href":"https:\/\/server.idssoft.net\/idsdemo\/wp-json\/wp\/v2\/comments?post=12677"}],"wp:featuredmedia":[{"embeddable":true,"href":"https:\/\/server.idssoft.net\/idsdemo\/wp-json\/wp\/v2\/media\/12675"}],"wp:attachment":[{"href":"https:\/\/server.idssoft.net\/idsdemo\/wp-json\/wp\/v2\/media?parent=12677"}],"wp:term":[{"taxonomy":"product_cat","embeddable":true,"href":"https:\/\/server.idssoft.net\/idsdemo\/wp-json\/wp\/v2\/product_cat?post=12677"},{"taxonomy":"product_tag","embeddable":true,"href":"https:\/\/server.idssoft.net\/idsdemo\/wp-json\/wp\/v2\/product_tag?post=12677"}],"curies":[{"name":"wp","href":"https:\/\/api.w.org\/{rel}","templated":true}]}}