{"id":12683,"date":"2021-06-23T14:13:10","date_gmt":"2021-06-23T14:13:10","guid":{"rendered":"https:\/\/server.idssoft.net\/idsdemo\/producto\/arrocera-co3025-400w-1l-antiadherente-inox-orbegozo\/"},"modified":"2021-06-23T14:13:10","modified_gmt":"2021-06-23T14:13:10","slug":"arrocera-co3025-400w-1l-antiadherente-inox-orbegozo","status":"publish","type":"product","link":"https:\/\/server.idssoft.net\/idsdemo\/producto\/arrocera-co3025-400w-1l-antiadherente-inox-orbegozo\/","title":{"rendered":"ARROCERA CO3025 400W 1L | ANTIADHERENTE | INOX ORBEGOZO"},"content":{"rendered":"<p>&#8211; Cocedor de arroz.<br \/>&#8211; Potencia 400 W.<br \/>&#8211; Capacidad 1.0 L.<br \/>&#8211; Interruptor ON\/OFF.<br \/>&#8211; Apagado autom\u00e1tico.<br \/>&#8211; Funci\u00f3n de mantenimiento del calor cuando la cocci\u00f3n ha finalizado.<br \/>&#8211; Olla de aluminio con capa antiadherente, extr<\/p>\n","protected":false},"excerpt":{"rendered":"<p>&#8211; Cocedor de arroz.&#8211; Potencia 400 W.&#8211; Capacidad 1.0 L.&#8211; Interruptor ON\/OFF.&#8211; Apagado autom\u00e1tico.&#8211; Funci\u00f3n de mantenimiento del calor cuando la cocci\u00f3n ha finalizado.&#8211; Olla de aluminio con capa antiadherente, extr<\/p>\n","protected":false},"featured_media":12681,"comment_status":"open","ping_status":"closed","template":"","meta":[],"product_cat":[572],"product_tag":[],"class_list":["post-12683","product","type-product","status-publish","has-post-thumbnail","hentry","product_cat-arroceras-robots","thunk-woo-product-list","opn-qv-enable","top-store-woo-hover-","top-store-single-product-tab-horizontal","top-store-shadow-","top-store-shadow-hover-"],"_links":{"self":[{"href":"https:\/\/server.idssoft.net\/idsdemo\/wp-json\/wp\/v2\/product\/12683","targetHints":{"allow":["GET"]}}],"collection":[{"href":"https:\/\/server.idssoft.net\/idsdemo\/wp-json\/wp\/v2\/product"}],"about":[{"href":"https:\/\/server.idssoft.net\/idsdemo\/wp-json\/wp\/v2\/types\/product"}],"replies":[{"embeddable":true,"href":"https:\/\/server.idssoft.net\/idsdemo\/wp-json\/wp\/v2\/comments?post=12683"}],"wp:featuredmedia":[{"embeddable":true,"href":"https:\/\/server.idssoft.net\/idsdemo\/wp-json\/wp\/v2\/media\/12681"}],"wp:attachment":[{"href":"https:\/\/server.idssoft.net\/idsdemo\/wp-json\/wp\/v2\/media?parent=12683"}],"wp:term":[{"taxonomy":"product_cat","embeddable":true,"href":"https:\/\/server.idssoft.net\/idsdemo\/wp-json\/wp\/v2\/product_cat?post=12683"},{"taxonomy":"product_tag","embeddable":true,"href":"https:\/\/server.idssoft.net\/idsdemo\/wp-json\/wp\/v2\/product_tag?post=12683"}],"curies":[{"name":"wp","href":"https:\/\/api.w.org\/{rel}","templated":true}]}}