{"id":12686,"date":"2021-06-23T14:13:15","date_gmt":"2021-06-23T14:13:15","guid":{"rendered":"https:\/\/server.idssoft.net\/idsdemo\/producto\/sacacorchos-electrico-recargable-cu4100-base-cargador-orbe\/"},"modified":"2021-06-23T14:13:15","modified_gmt":"2021-06-23T14:13:15","slug":"sacacorchos-electrico-recargable-cu4100-base-cargador-orbe","status":"publish","type":"product","link":"https:\/\/server.idssoft.net\/idsdemo\/producto\/sacacorchos-electrico-recargable-cu4100-base-cargador-orbe\/","title":{"rendered":"SACACORCHOS ELECTRICO RECARGABLE CU4100 | BASE CARGADOR ORBE"},"content":{"rendered":"<p>&#8211; Tacto suave.<br \/>&#8211; Dise\u00f1o ergon\u00f3mico.<br \/>&#8211; F\u00e1cil manejo: extracci\u00f3n y recuperaci\u00f3n del corcho en segundos.<br \/>&#8211; Piloto luminoso de carga.<br \/>&#8211; Con base cargador.<br \/>&#8211; Incluye corta c\u00e1psulas.<\/p>\n","protected":false},"excerpt":{"rendered":"<p>&#8211; Tacto suave.&#8211; Dise\u00f1o ergon\u00f3mico.&#8211; F\u00e1cil manejo: extracci\u00f3n y recuperaci\u00f3n del corcho en segundos.&#8211; Piloto luminoso de carga.&#8211; Con base cargador.&#8211; Incluye corta c\u00e1psulas.<\/p>\n","protected":false},"featured_media":12684,"comment_status":"open","ping_status":"closed","template":"","meta":[],"product_cat":[530],"product_tag":[],"class_list":["post-12686","product","type-product","status-publish","has-post-thumbnail","hentry","product_cat-utensilios-cocina","thunk-woo-product-list","opn-qv-enable","top-store-woo-hover-","top-store-single-product-tab-horizontal","top-store-shadow-","top-store-shadow-hover-"],"_links":{"self":[{"href":"https:\/\/server.idssoft.net\/idsdemo\/wp-json\/wp\/v2\/product\/12686","targetHints":{"allow":["GET"]}}],"collection":[{"href":"https:\/\/server.idssoft.net\/idsdemo\/wp-json\/wp\/v2\/product"}],"about":[{"href":"https:\/\/server.idssoft.net\/idsdemo\/wp-json\/wp\/v2\/types\/product"}],"replies":[{"embeddable":true,"href":"https:\/\/server.idssoft.net\/idsdemo\/wp-json\/wp\/v2\/comments?post=12686"}],"wp:featuredmedia":[{"embeddable":true,"href":"https:\/\/server.idssoft.net\/idsdemo\/wp-json\/wp\/v2\/media\/12684"}],"wp:attachment":[{"href":"https:\/\/server.idssoft.net\/idsdemo\/wp-json\/wp\/v2\/media?parent=12686"}],"wp:term":[{"taxonomy":"product_cat","embeddable":true,"href":"https:\/\/server.idssoft.net\/idsdemo\/wp-json\/wp\/v2\/product_cat?post=12686"},{"taxonomy":"product_tag","embeddable":true,"href":"https:\/\/server.idssoft.net\/idsdemo\/wp-json\/wp\/v2\/product_tag?post=12686"}],"curies":[{"name":"wp","href":"https:\/\/api.w.org\/{rel}","templated":true}]}}