{"id":12693,"date":"2021-06-23T14:13:28","date_gmt":"2021-06-23T14:13:28","guid":{"rendered":"https:\/\/server.idssoft.net\/idsdemo\/producto\/alfombrilla-spirit-of-gamer-skull-rgb-gaming-m-30x23x0-3-1\/"},"modified":"2021-06-23T14:13:28","modified_gmt":"2021-06-23T14:13:28","slug":"alfombrilla-spirit-of-gamer-skull-rgb-gaming-m-30x23x0-3-1","status":"publish","type":"product","link":"https:\/\/server.idssoft.net\/idsdemo\/producto\/alfombrilla-spirit-of-gamer-skull-rgb-gaming-m-30x23x0-3-1\/","title":{"rendered":"ALFOMBRILLA SPIRIT OF GAMER SKULL RGB GAMING M 30X23X0.3 | 1"},"content":{"rendered":"<p>&#8211; ALMOHADILLA<br \/>Compatibilidad Rat\u00f3n \u00f3ptico \/ l\u00e1ser<br \/>Dise\u00f1o Skull Spirit of Gamer RGB<br \/>Dise\u00f1o duradero con su borde retroiluminado cosido de +3 mm de grosor<br \/>Textura de alfombra El dise\u00f1o de micro textura proporciona una experiencia d<\/p>\n","protected":false},"excerpt":{"rendered":"<p>&#8211; ALMOHADILLACompatibilidad Rat\u00f3n \u00f3ptico \/ l\u00e1serDise\u00f1o Skull Spirit of Gamer RGBDise\u00f1o duradero con su borde retroiluminado cosido de +3 mm de grosorTextura de alfombra El dise\u00f1o de micro textura proporciona una experiencia d<\/p>\n","protected":false},"featured_media":12692,"comment_status":"open","ping_status":"closed","template":"","meta":[],"product_cat":[461],"product_tag":[],"class_list":["post-12693","product","type-product","status-publish","has-post-thumbnail","hentry","product_cat-teclados-y-ratones-gaming","thunk-woo-product-list","opn-qv-enable","top-store-woo-hover-","top-store-single-product-tab-horizontal","top-store-shadow-","top-store-shadow-hover-"],"_links":{"self":[{"href":"https:\/\/server.idssoft.net\/idsdemo\/wp-json\/wp\/v2\/product\/12693","targetHints":{"allow":["GET"]}}],"collection":[{"href":"https:\/\/server.idssoft.net\/idsdemo\/wp-json\/wp\/v2\/product"}],"about":[{"href":"https:\/\/server.idssoft.net\/idsdemo\/wp-json\/wp\/v2\/types\/product"}],"replies":[{"embeddable":true,"href":"https:\/\/server.idssoft.net\/idsdemo\/wp-json\/wp\/v2\/comments?post=12693"}],"wp:featuredmedia":[{"embeddable":true,"href":"https:\/\/server.idssoft.net\/idsdemo\/wp-json\/wp\/v2\/media\/12692"}],"wp:attachment":[{"href":"https:\/\/server.idssoft.net\/idsdemo\/wp-json\/wp\/v2\/media?parent=12693"}],"wp:term":[{"taxonomy":"product_cat","embeddable":true,"href":"https:\/\/server.idssoft.net\/idsdemo\/wp-json\/wp\/v2\/product_cat?post=12693"},{"taxonomy":"product_tag","embeddable":true,"href":"https:\/\/server.idssoft.net\/idsdemo\/wp-json\/wp\/v2\/product_tag?post=12693"}],"curies":[{"name":"wp","href":"https:\/\/api.w.org\/{rel}","templated":true}]}}