{"id":12696,"date":"2021-06-23T14:13:33","date_gmt":"2021-06-23T14:13:33","guid":{"rendered":"https:\/\/server.idssoft.net\/idsdemo\/producto\/gamepad-spirit-of-gamer-xgp-player-inalambrico-12-botones\/"},"modified":"2021-06-23T14:13:33","modified_gmt":"2021-06-23T14:13:33","slug":"gamepad-spirit-of-gamer-xgp-player-inalambrico-12-botones","status":"publish","type":"product","link":"https:\/\/server.idssoft.net\/idsdemo\/producto\/gamepad-spirit-of-gamer-xgp-player-inalambrico-12-botones\/","title":{"rendered":"GAMEPAD SPIRIT OF GAMER XGP PLAYER INALAMBRICO | 12 BOTONES"},"content":{"rendered":"<p>&#8211; Mando inal\u00e1mbrico RF de 2,4 GHz para PlayStation \u00ae 3 y PC<br \/>&#8211; Tecnolog\u00eda de conexi\u00f3n RF de 2,4 GHz con un alcance de hasta 8 metros.<br \/>&#8211; Bater\u00eda de pol\u00edmero de litio de 600 mAh<br \/>&#8211; Tiempo de carga 2 a 3 horas<br \/>&#8211; Tiempo de uso hasta 12<\/p>\n","protected":false},"excerpt":{"rendered":"<p>&#8211; Mando inal\u00e1mbrico RF de 2,4 GHz para PlayStation \u00ae 3 y PC&#8211; Tecnolog\u00eda de conexi\u00f3n RF de 2,4 GHz con un alcance de hasta 8 metros.&#8211; Bater\u00eda de pol\u00edmero de litio de 600 mAh&#8211; Tiempo de carga 2 a 3 horas&#8211; Tiempo de uso hasta 12<\/p>\n","protected":false},"featured_media":12694,"comment_status":"open","ping_status":"closed","template":"","meta":[],"product_cat":[460],"product_tag":[],"class_list":["post-12696","product","type-product","status-publish","has-post-thumbnail","hentry","product_cat-joystick","thunk-woo-product-list","opn-qv-enable","top-store-woo-hover-","top-store-single-product-tab-horizontal","top-store-shadow-","top-store-shadow-hover-"],"_links":{"self":[{"href":"https:\/\/server.idssoft.net\/idsdemo\/wp-json\/wp\/v2\/product\/12696","targetHints":{"allow":["GET"]}}],"collection":[{"href":"https:\/\/server.idssoft.net\/idsdemo\/wp-json\/wp\/v2\/product"}],"about":[{"href":"https:\/\/server.idssoft.net\/idsdemo\/wp-json\/wp\/v2\/types\/product"}],"replies":[{"embeddable":true,"href":"https:\/\/server.idssoft.net\/idsdemo\/wp-json\/wp\/v2\/comments?post=12696"}],"wp:featuredmedia":[{"embeddable":true,"href":"https:\/\/server.idssoft.net\/idsdemo\/wp-json\/wp\/v2\/media\/12694"}],"wp:attachment":[{"href":"https:\/\/server.idssoft.net\/idsdemo\/wp-json\/wp\/v2\/media?parent=12696"}],"wp:term":[{"taxonomy":"product_cat","embeddable":true,"href":"https:\/\/server.idssoft.net\/idsdemo\/wp-json\/wp\/v2\/product_cat?post=12696"},{"taxonomy":"product_tag","embeddable":true,"href":"https:\/\/server.idssoft.net\/idsdemo\/wp-json\/wp\/v2\/product_tag?post=12696"}],"curies":[{"name":"wp","href":"https:\/\/api.w.org\/{rel}","templated":true}]}}