{"id":12699,"date":"2021-06-23T14:13:38","date_gmt":"2021-06-23T14:13:38","guid":{"rendered":"https:\/\/server.idssoft.net\/idsdemo\/producto\/placa-de-induccion-vin145-2100w-8-funciones-cristal-4mm\/"},"modified":"2021-06-23T14:13:38","modified_gmt":"2021-06-23T14:13:38","slug":"placa-de-induccion-vin145-2100w-8-funciones-cristal-4mm","status":"publish","type":"product","link":"https:\/\/server.idssoft.net\/idsdemo\/producto\/placa-de-induccion-vin145-2100w-8-funciones-cristal-4mm\/","title":{"rendered":"PLACA DE INDUCCI\u00d3N VIN145 2100W | 8 FUNCIONES | CRISTAL 4MM"},"content":{"rendered":"<p>&#8211; 1 placa calor\u00edfica de inducci\u00f3n.<br \/>&#8211; Superficie de cristal de 4 mm.<br \/>&#8211; 8 funciones programadas.<br \/>&#8211; Pulsadores t\u00e1ctiles:<br \/>   -Encendido \/ apagado.<br \/>   -Selector de funciones.<br \/>   -Ajuste del tiempo programado.<br \/>   -Pausa.<br \/>&#8211;<\/p>\n","protected":false},"excerpt":{"rendered":"<p>&#8211; 1 placa calor\u00edfica de inducci\u00f3n.&#8211; Superficie de cristal de 4 mm.&#8211; 8 funciones programadas.&#8211; Pulsadores t\u00e1ctiles: -Encendido \/ apagado. -Selector de funciones. -Ajuste del tiempo programado. -Pausa.&#8211;<\/p>\n","protected":false},"featured_media":12697,"comment_status":"open","ping_status":"closed","template":"","meta":[],"product_cat":[506],"product_tag":[],"class_list":["post-12699","product","type-product","status-publish","has-post-thumbnail","hentry","product_cat-cocinas-electricas","thunk-woo-product-list","opn-qv-enable","top-store-woo-hover-","top-store-single-product-tab-horizontal","top-store-shadow-","top-store-shadow-hover-"],"_links":{"self":[{"href":"https:\/\/server.idssoft.net\/idsdemo\/wp-json\/wp\/v2\/product\/12699","targetHints":{"allow":["GET"]}}],"collection":[{"href":"https:\/\/server.idssoft.net\/idsdemo\/wp-json\/wp\/v2\/product"}],"about":[{"href":"https:\/\/server.idssoft.net\/idsdemo\/wp-json\/wp\/v2\/types\/product"}],"replies":[{"embeddable":true,"href":"https:\/\/server.idssoft.net\/idsdemo\/wp-json\/wp\/v2\/comments?post=12699"}],"wp:featuredmedia":[{"embeddable":true,"href":"https:\/\/server.idssoft.net\/idsdemo\/wp-json\/wp\/v2\/media\/12697"}],"wp:attachment":[{"href":"https:\/\/server.idssoft.net\/idsdemo\/wp-json\/wp\/v2\/media?parent=12699"}],"wp:term":[{"taxonomy":"product_cat","embeddable":true,"href":"https:\/\/server.idssoft.net\/idsdemo\/wp-json\/wp\/v2\/product_cat?post=12699"},{"taxonomy":"product_tag","embeddable":true,"href":"https:\/\/server.idssoft.net\/idsdemo\/wp-json\/wp\/v2\/product_tag?post=12699"}],"curies":[{"name":"wp","href":"https:\/\/api.w.org\/{rel}","templated":true}]}}