{"id":12705,"date":"2021-06-23T14:13:48","date_gmt":"2021-06-23T14:13:48","guid":{"rendered":"https:\/\/server.idssoft.net\/idsdemo\/producto\/espejo-de-maquillaje-con-luz-bs-49-diametro-11cm-12-leds\/"},"modified":"2021-06-23T14:13:48","modified_gmt":"2021-06-23T14:13:48","slug":"espejo-de-maquillaje-con-luz-bs-49-diametro-11cm-12-leds","status":"publish","type":"product","link":"https:\/\/server.idssoft.net\/idsdemo\/producto\/espejo-de-maquillaje-con-luz-bs-49-diametro-11cm-12-leds\/","title":{"rendered":"ESPEJO DE MAQUILLAJE CON LUZ BS-49 | DIAMETRO 11CM | 12 LEDS"},"content":{"rendered":"<p>El espejo de maquillaje con luz es el accesorio perfecto para el cuarto de ba\u00f1o. La superficie reflectante se puede girar al lado normal o al de aumento seg\u00fan se necesite.<\/p>\n<p>&#8211; Dise\u00f1o en blanco mate<br \/>&#8211; Luz LED clara con 12 LED<br \/>&#8211; Cromad<\/p>\n","protected":false},"excerpt":{"rendered":"<p>El espejo de maquillaje con luz es el accesorio perfecto para el cuarto de ba\u00f1o. La superficie reflectante se puede girar al lado normal o al de aumento seg\u00fan se necesite. &#8211; Dise\u00f1o en blanco mate&#8211; Luz LED clara con 12 LED&#8211; Cromad<\/p>\n","protected":false},"featured_media":12703,"comment_status":"open","ping_status":"closed","template":"","meta":[],"product_cat":[556],"product_tag":[],"class_list":["post-12705","product","type-product","status-publish","has-post-thumbnail","hentry","product_cat-cuidado-de-la-piel","thunk-woo-product-list","opn-qv-enable","top-store-woo-hover-","top-store-single-product-tab-horizontal","top-store-shadow-","top-store-shadow-hover-"],"_links":{"self":[{"href":"https:\/\/server.idssoft.net\/idsdemo\/wp-json\/wp\/v2\/product\/12705","targetHints":{"allow":["GET"]}}],"collection":[{"href":"https:\/\/server.idssoft.net\/idsdemo\/wp-json\/wp\/v2\/product"}],"about":[{"href":"https:\/\/server.idssoft.net\/idsdemo\/wp-json\/wp\/v2\/types\/product"}],"replies":[{"embeddable":true,"href":"https:\/\/server.idssoft.net\/idsdemo\/wp-json\/wp\/v2\/comments?post=12705"}],"wp:featuredmedia":[{"embeddable":true,"href":"https:\/\/server.idssoft.net\/idsdemo\/wp-json\/wp\/v2\/media\/12703"}],"wp:attachment":[{"href":"https:\/\/server.idssoft.net\/idsdemo\/wp-json\/wp\/v2\/media?parent=12705"}],"wp:term":[{"taxonomy":"product_cat","embeddable":true,"href":"https:\/\/server.idssoft.net\/idsdemo\/wp-json\/wp\/v2\/product_cat?post=12705"},{"taxonomy":"product_tag","embeddable":true,"href":"https:\/\/server.idssoft.net\/idsdemo\/wp-json\/wp\/v2\/product_tag?post=12705"}],"curies":[{"name":"wp","href":"https:\/\/api.w.org\/{rel}","templated":true}]}}