{"id":12722,"date":"2021-06-23T14:14:17","date_gmt":"2021-06-23T14:14:17","guid":{"rendered":"https:\/\/server.idssoft.net\/idsdemo\/producto\/cortafiambres-ms4570-150w-cuchilla-acero-inox-2-velocida\/"},"modified":"2021-06-23T14:14:17","modified_gmt":"2021-06-23T14:14:17","slug":"cortafiambres-ms4570-150w-cuchilla-acero-inox-2-velocida","status":"publish","type":"product","link":"https:\/\/server.idssoft.net\/idsdemo\/producto\/cortafiambres-ms4570-150w-cuchilla-acero-inox-2-velocida\/","title":{"rendered":"CORTAFIAMBRES MS4570 150W | CUCHILLA ACERO INOX | 2 VELOCIDA"},"content":{"rendered":"<p>&#8211; Cortadora met\u00e1lica.<br \/>&#8211; Potencia 150 W.<br \/>&#8211; Cuchilla de acero inox.<br \/>&#8211; Bot\u00f3n 2 velocidades.<br \/>&#8211; Deslizador seguro y extra\u00edble.<br \/>&#8211; Ajuste del grosor de corte.<br \/>&#8211; Bandeja para el fiambre.<br \/>&#8211; Conexi\u00f3n: 220-240 V, 50 Hz.  <\/p>\n","protected":false},"excerpt":{"rendered":"<p>&#8211; Cortadora met\u00e1lica.&#8211; Potencia 150 W.&#8211; Cuchilla de acero inox.&#8211; Bot\u00f3n 2 velocidades.&#8211; Deslizador seguro y extra\u00edble.&#8211; Ajuste del grosor de corte.&#8211; Bandeja para el fiambre.&#8211; Conexi\u00f3n: 220-240 V, 50 Hz.<\/p>\n","protected":false},"featured_media":12721,"comment_status":"open","ping_status":"closed","template":"","meta":[],"product_cat":[514],"product_tag":[],"class_list":["post-12722","product","type-product","status-publish","has-post-thumbnail","hentry","product_cat-cortadoras-molinillos","thunk-woo-product-list","opn-qv-enable","top-store-woo-hover-","top-store-single-product-tab-horizontal","top-store-shadow-","top-store-shadow-hover-"],"_links":{"self":[{"href":"https:\/\/server.idssoft.net\/idsdemo\/wp-json\/wp\/v2\/product\/12722","targetHints":{"allow":["GET"]}}],"collection":[{"href":"https:\/\/server.idssoft.net\/idsdemo\/wp-json\/wp\/v2\/product"}],"about":[{"href":"https:\/\/server.idssoft.net\/idsdemo\/wp-json\/wp\/v2\/types\/product"}],"replies":[{"embeddable":true,"href":"https:\/\/server.idssoft.net\/idsdemo\/wp-json\/wp\/v2\/comments?post=12722"}],"wp:featuredmedia":[{"embeddable":true,"href":"https:\/\/server.idssoft.net\/idsdemo\/wp-json\/wp\/v2\/media\/12721"}],"wp:attachment":[{"href":"https:\/\/server.idssoft.net\/idsdemo\/wp-json\/wp\/v2\/media?parent=12722"}],"wp:term":[{"taxonomy":"product_cat","embeddable":true,"href":"https:\/\/server.idssoft.net\/idsdemo\/wp-json\/wp\/v2\/product_cat?post=12722"},{"taxonomy":"product_tag","embeddable":true,"href":"https:\/\/server.idssoft.net\/idsdemo\/wp-json\/wp\/v2\/product_tag?post=12722"}],"curies":[{"name":"wp","href":"https:\/\/api.w.org\/{rel}","templated":true}]}}