{"id":12725,"date":"2021-06-23T14:14:21","date_gmt":"2021-06-23T14:14:21","guid":{"rendered":"https:\/\/server.idssoft.net\/idsdemo\/producto\/volante-de-carreras-logitech-driving-force-g29-para-playstat\/"},"modified":"2021-06-23T14:14:21","modified_gmt":"2021-06-23T14:14:21","slug":"volante-de-carreras-logitech-driving-force-g29-para-playstat","status":"publish","type":"product","link":"https:\/\/server.idssoft.net\/idsdemo\/producto\/volante-de-carreras-logitech-driving-force-g29-para-playstat\/","title":{"rendered":"VOLANTE DE CARRERAS LOGITECH DRIVING FORCE G29 PARA PLAYSTAT"},"content":{"rendered":"<p>A TODO GAS, CONTROL TOTAL<br \/>Con un dise\u00f1o impecable para ofrecer la experiencia de conducci\u00f3n perfecta, Driving Force de Logitech G lleva los juegos de carreras m\u00e1s recientes al m\u00e1s alto nivel. Si no has conducido tu supercoche con un volante, j<\/p>\n","protected":false},"excerpt":{"rendered":"<p>A TODO GAS, CONTROL TOTALCon un dise\u00f1o impecable para ofrecer la experiencia de conducci\u00f3n perfecta, Driving Force de Logitech G lleva los juegos de carreras m\u00e1s recientes al m\u00e1s alto nivel. Si no has conducido tu supercoche con un volante, j<\/p>\n","protected":false},"featured_media":12723,"comment_status":"open","ping_status":"closed","template":"","meta":[],"product_cat":[460],"product_tag":[],"class_list":["post-12725","product","type-product","status-publish","has-post-thumbnail","hentry","product_cat-joystick","thunk-woo-product-list","opn-qv-enable","top-store-woo-hover-","top-store-single-product-tab-horizontal","top-store-shadow-","top-store-shadow-hover-"],"_links":{"self":[{"href":"https:\/\/server.idssoft.net\/idsdemo\/wp-json\/wp\/v2\/product\/12725","targetHints":{"allow":["GET"]}}],"collection":[{"href":"https:\/\/server.idssoft.net\/idsdemo\/wp-json\/wp\/v2\/product"}],"about":[{"href":"https:\/\/server.idssoft.net\/idsdemo\/wp-json\/wp\/v2\/types\/product"}],"replies":[{"embeddable":true,"href":"https:\/\/server.idssoft.net\/idsdemo\/wp-json\/wp\/v2\/comments?post=12725"}],"wp:featuredmedia":[{"embeddable":true,"href":"https:\/\/server.idssoft.net\/idsdemo\/wp-json\/wp\/v2\/media\/12723"}],"wp:attachment":[{"href":"https:\/\/server.idssoft.net\/idsdemo\/wp-json\/wp\/v2\/media?parent=12725"}],"wp:term":[{"taxonomy":"product_cat","embeddable":true,"href":"https:\/\/server.idssoft.net\/idsdemo\/wp-json\/wp\/v2\/product_cat?post=12725"},{"taxonomy":"product_tag","embeddable":true,"href":"https:\/\/server.idssoft.net\/idsdemo\/wp-json\/wp\/v2\/product_tag?post=12725"}],"curies":[{"name":"wp","href":"https:\/\/api.w.org\/{rel}","templated":true}]}}