{"id":12732,"date":"2021-06-23T14:14:36","date_gmt":"2021-06-23T14:14:36","guid":{"rendered":"https:\/\/server.idssoft.net\/idsdemo\/producto\/batidora-de-leche-mn3800-tacto-suave-soporte-orbegozo\/"},"modified":"2021-06-23T14:14:36","modified_gmt":"2021-06-23T14:14:36","slug":"batidora-de-leche-mn3800-tacto-suave-soporte-orbegozo","status":"publish","type":"product","link":"https:\/\/server.idssoft.net\/idsdemo\/producto\/batidora-de-leche-mn3800-tacto-suave-soporte-orbegozo\/","title":{"rendered":"BATIDORA DE LECHE MN3800 | TACTO SUAVE | SOPORTE ORBEGOZO"},"content":{"rendered":"<p>&#8211; Batidora de leche.<br \/>&#8211; Crea leche espumosa en segundos.<br \/>&#8211; Carcasa de tacto suave.<br \/>&#8211; C\u00f3modo y f\u00e1cil de usar. <br \/>&#8211; Incluye soporte.<br \/>&#8211; F\u00e1cil limpieza.<br \/>&#8211; Conexi\u00f3n: 230V &#8211; 50Hz.<br \/>&#8211; Funciona a pilas 2xAA (No incluidas)  <\/p>\n","protected":false},"excerpt":{"rendered":"<p>&#8211; Batidora de leche.&#8211; Crea leche espumosa en segundos.&#8211; Carcasa de tacto suave.&#8211; C\u00f3modo y f\u00e1cil de usar. &#8211; Incluye soporte.&#8211; F\u00e1cil limpieza.&#8211; Conexi\u00f3n: 230V &#8211; 50Hz.&#8211; Funciona a pilas 2xAA (No incluidas)<\/p>\n","protected":false},"featured_media":12730,"comment_status":"open","ping_status":"closed","template":"","meta":[],"product_cat":[499],"product_tag":[],"class_list":["post-12732","product","type-product","status-publish","has-post-thumbnail","hentry","product_cat-batidoras-brazo","thunk-woo-product-list","opn-qv-enable","top-store-woo-hover-","top-store-single-product-tab-horizontal","top-store-shadow-","top-store-shadow-hover-"],"_links":{"self":[{"href":"https:\/\/server.idssoft.net\/idsdemo\/wp-json\/wp\/v2\/product\/12732","targetHints":{"allow":["GET"]}}],"collection":[{"href":"https:\/\/server.idssoft.net\/idsdemo\/wp-json\/wp\/v2\/product"}],"about":[{"href":"https:\/\/server.idssoft.net\/idsdemo\/wp-json\/wp\/v2\/types\/product"}],"replies":[{"embeddable":true,"href":"https:\/\/server.idssoft.net\/idsdemo\/wp-json\/wp\/v2\/comments?post=12732"}],"wp:featuredmedia":[{"embeddable":true,"href":"https:\/\/server.idssoft.net\/idsdemo\/wp-json\/wp\/v2\/media\/12730"}],"wp:attachment":[{"href":"https:\/\/server.idssoft.net\/idsdemo\/wp-json\/wp\/v2\/media?parent=12732"}],"wp:term":[{"taxonomy":"product_cat","embeddable":true,"href":"https:\/\/server.idssoft.net\/idsdemo\/wp-json\/wp\/v2\/product_cat?post=12732"},{"taxonomy":"product_tag","embeddable":true,"href":"https:\/\/server.idssoft.net\/idsdemo\/wp-json\/wp\/v2\/product_tag?post=12732"}],"curies":[{"name":"wp","href":"https:\/\/api.w.org\/{rel}","templated":true}]}}