{"id":12735,"date":"2021-06-23T14:14:41","date_gmt":"2021-06-23T14:14:41","guid":{"rendered":"https:\/\/server.idssoft.net\/idsdemo\/producto\/auricular-con-microfono-mars-gaming-mh5-sonido-posicional\/"},"modified":"2021-06-23T14:14:41","modified_gmt":"2021-06-23T14:14:41","slug":"auricular-con-microfono-mars-gaming-mh5-sonido-posicional","status":"publish","type":"product","link":"https:\/\/server.idssoft.net\/idsdemo\/producto\/auricular-con-microfono-mars-gaming-mh5-sonido-posicional\/","title":{"rendered":"AURICULAR CON MICR\u00d3FONO MARS GAMING MH5 &#8211; SONIDO POSICIONAL"},"content":{"rendered":"<p>Los auriculares MH5 son la definici\u00f3n de inmersi\u00f3n en estado puro. Equipados con un sistema de sonido posicional gaming 7.1 DSP, drivers HiFi de 53mm y un dise\u00f1o ultra-confortable que neutraliza el ruido externo, estos auriculares proporcionan una<\/p>\n","protected":false},"excerpt":{"rendered":"<p>Los auriculares MH5 son la definici\u00f3n de inmersi\u00f3n en estado puro. Equipados con un sistema de sonido posicional gaming 7.1 DSP, drivers HiFi de 53mm y un dise\u00f1o ultra-confortable que neutraliza el ruido externo, estos auriculares proporcionan una<\/p>\n","protected":false},"featured_media":12733,"comment_status":"open","ping_status":"closed","template":"","meta":[],"product_cat":[559],"product_tag":[],"class_list":["post-12735","product","type-product","status-publish","has-post-thumbnail","hentry","product_cat-auriculares-gaming","thunk-woo-product-list","opn-qv-enable","top-store-woo-hover-","top-store-single-product-tab-horizontal","top-store-shadow-","top-store-shadow-hover-"],"_links":{"self":[{"href":"https:\/\/server.idssoft.net\/idsdemo\/wp-json\/wp\/v2\/product\/12735","targetHints":{"allow":["GET"]}}],"collection":[{"href":"https:\/\/server.idssoft.net\/idsdemo\/wp-json\/wp\/v2\/product"}],"about":[{"href":"https:\/\/server.idssoft.net\/idsdemo\/wp-json\/wp\/v2\/types\/product"}],"replies":[{"embeddable":true,"href":"https:\/\/server.idssoft.net\/idsdemo\/wp-json\/wp\/v2\/comments?post=12735"}],"wp:featuredmedia":[{"embeddable":true,"href":"https:\/\/server.idssoft.net\/idsdemo\/wp-json\/wp\/v2\/media\/12733"}],"wp:attachment":[{"href":"https:\/\/server.idssoft.net\/idsdemo\/wp-json\/wp\/v2\/media?parent=12735"}],"wp:term":[{"taxonomy":"product_cat","embeddable":true,"href":"https:\/\/server.idssoft.net\/idsdemo\/wp-json\/wp\/v2\/product_cat?post=12735"},{"taxonomy":"product_tag","embeddable":true,"href":"https:\/\/server.idssoft.net\/idsdemo\/wp-json\/wp\/v2\/product_tag?post=12735"}],"curies":[{"name":"wp","href":"https:\/\/api.w.org\/{rel}","templated":true}]}}