{"id":12743,"date":"2021-06-23T14:14:56","date_gmt":"2021-06-23T14:14:56","guid":{"rendered":"https:\/\/server.idssoft.net\/idsdemo\/producto\/ventilador-de-suelo-industrial-2236-20w-2-velocidades-3\/"},"modified":"2021-06-23T14:14:56","modified_gmt":"2021-06-23T14:14:56","slug":"ventilador-de-suelo-industrial-2236-20w-2-velocidades-3","status":"publish","type":"product","link":"https:\/\/server.idssoft.net\/idsdemo\/producto\/ventilador-de-suelo-industrial-2236-20w-2-velocidades-3\/","title":{"rendered":"VENTILADOR DE SUELO INDUSTRIAL 2236 20W | 2 VELOCIDADES | 3"},"content":{"rendered":"<p>&#8211; 3 aspas met\u00e1licas para mayor resistencia al aire<br \/>&#8211; Di\u00e1metro de aspas 21cm<br \/>&#8211; Di\u00e1metro del producto 27 cm<br \/>&#8211; Cabezal reclinable 180\u00ba<br \/>&#8211; Pies antideslizantes<br \/>&#8211; Regulador de 2 velocidades para caudal de aire<br \/>&#8211; Asa para f?<\/p>\n","protected":false},"excerpt":{"rendered":"<p>&#8211; 3 aspas met\u00e1licas para mayor resistencia al aire&#8211; Di\u00e1metro de aspas 21cm&#8211; Di\u00e1metro del producto 27 cm&#8211; Cabezal reclinable 180\u00ba&#8211; Pies antideslizantes&#8211; Regulador de 2 velocidades para caudal de aire&#8211; Asa para f?<\/p>\n","protected":false},"featured_media":12742,"comment_status":"open","ping_status":"closed","template":"","meta":[],"product_cat":[497],"product_tag":[],"class_list":["post-12743","product","type-product","status-publish","has-post-thumbnail","hentry","product_cat-ventilacin","thunk-woo-product-list","opn-qv-enable","top-store-woo-hover-","top-store-single-product-tab-horizontal","top-store-shadow-","top-store-shadow-hover-"],"_links":{"self":[{"href":"https:\/\/server.idssoft.net\/idsdemo\/wp-json\/wp\/v2\/product\/12743","targetHints":{"allow":["GET"]}}],"collection":[{"href":"https:\/\/server.idssoft.net\/idsdemo\/wp-json\/wp\/v2\/product"}],"about":[{"href":"https:\/\/server.idssoft.net\/idsdemo\/wp-json\/wp\/v2\/types\/product"}],"replies":[{"embeddable":true,"href":"https:\/\/server.idssoft.net\/idsdemo\/wp-json\/wp\/v2\/comments?post=12743"}],"wp:featuredmedia":[{"embeddable":true,"href":"https:\/\/server.idssoft.net\/idsdemo\/wp-json\/wp\/v2\/media\/12742"}],"wp:attachment":[{"href":"https:\/\/server.idssoft.net\/idsdemo\/wp-json\/wp\/v2\/media?parent=12743"}],"wp:term":[{"taxonomy":"product_cat","embeddable":true,"href":"https:\/\/server.idssoft.net\/idsdemo\/wp-json\/wp\/v2\/product_cat?post=12743"},{"taxonomy":"product_tag","embeddable":true,"href":"https:\/\/server.idssoft.net\/idsdemo\/wp-json\/wp\/v2\/product_tag?post=12743"}],"curies":[{"name":"wp","href":"https:\/\/api.w.org\/{rel}","templated":true}]}}