{"id":12754,"date":"2021-06-23T14:15:19","date_gmt":"2021-06-23T14:15:19","guid":{"rendered":"https:\/\/server.idssoft.net\/idsdemo\/producto\/termo-taza-de-viaje-400ml-acero-inox-tapa-con-orificio-j\/"},"modified":"2021-06-23T14:15:19","modified_gmt":"2021-06-23T14:15:19","slug":"termo-taza-de-viaje-400ml-acero-inox-tapa-con-orificio-j","status":"publish","type":"product","link":"https:\/\/server.idssoft.net\/idsdemo\/producto\/termo-taza-de-viaje-400ml-acero-inox-tapa-con-orificio-j\/","title":{"rendered":"TERMO \/ TAZA DE VIAJE 400ML ACERO INOX | TAPA CON ORIFICIO J"},"content":{"rendered":"<p>Sabemos que tienes una vida ajetreada, por eso te recomendamos la taza de viaje. Perfecta para usar como termo, te permitir\u00e1 disfrutar del caf\u00e9 camino al trabajo. Util\u00edzalo para tomar un caldo caliente en el turno de noche. Perfecto para entrar en<\/p>\n","protected":false},"excerpt":{"rendered":"<p>Sabemos que tienes una vida ajetreada, por eso te recomendamos la taza de viaje. Perfecta para usar como termo, te permitir\u00e1 disfrutar del caf\u00e9 camino al trabajo. Util\u00edzalo para tomar un caldo caliente en el turno de noche. Perfecto para entrar en<\/p>\n","protected":false},"featured_media":12753,"comment_status":"open","ping_status":"closed","template":"","meta":[],"product_cat":[527],"product_tag":[],"class_list":["post-12754","product","type-product","status-publish","has-post-thumbnail","hentry","product_cat-termos","thunk-woo-product-list","opn-qv-enable","top-store-woo-hover-","top-store-single-product-tab-horizontal","top-store-shadow-","top-store-shadow-hover-"],"_links":{"self":[{"href":"https:\/\/server.idssoft.net\/idsdemo\/wp-json\/wp\/v2\/product\/12754","targetHints":{"allow":["GET"]}}],"collection":[{"href":"https:\/\/server.idssoft.net\/idsdemo\/wp-json\/wp\/v2\/product"}],"about":[{"href":"https:\/\/server.idssoft.net\/idsdemo\/wp-json\/wp\/v2\/types\/product"}],"replies":[{"embeddable":true,"href":"https:\/\/server.idssoft.net\/idsdemo\/wp-json\/wp\/v2\/comments?post=12754"}],"wp:featuredmedia":[{"embeddable":true,"href":"https:\/\/server.idssoft.net\/idsdemo\/wp-json\/wp\/v2\/media\/12753"}],"wp:attachment":[{"href":"https:\/\/server.idssoft.net\/idsdemo\/wp-json\/wp\/v2\/media?parent=12754"}],"wp:term":[{"taxonomy":"product_cat","embeddable":true,"href":"https:\/\/server.idssoft.net\/idsdemo\/wp-json\/wp\/v2\/product_cat?post=12754"},{"taxonomy":"product_tag","embeddable":true,"href":"https:\/\/server.idssoft.net\/idsdemo\/wp-json\/wp\/v2\/product_tag?post=12754"}],"curies":[{"name":"wp","href":"https:\/\/api.w.org\/{rel}","templated":true}]}}