{"id":12756,"date":"2021-06-23T14:15:23","date_gmt":"2021-06-23T14:15:23","guid":{"rendered":"https:\/\/server.idssoft.net\/idsdemo\/producto\/ventilador-de-techo-con-luz-cl08132-60w-4-palas-reversible\/"},"modified":"2021-06-23T14:15:23","modified_gmt":"2021-06-23T14:15:23","slug":"ventilador-de-techo-con-luz-cl08132-60w-4-palas-reversible","status":"publish","type":"product","link":"https:\/\/server.idssoft.net\/idsdemo\/producto\/ventilador-de-techo-con-luz-cl08132-60w-4-palas-reversible\/","title":{"rendered":"VENTILADOR DE TECHO CON LUZ CL08132 60W | 4 PALAS REVERSIBLE"},"content":{"rendered":"<p>&#8211; Di\u00e1metro: 132 cm<br \/>&#8211; 3 velocidades de ventilaci\u00f3n<br \/>&#8211; Sistema de ventilaci\u00f3n reversible: modo invierno y verano.<br \/>&#8211; Color blanco<br \/>&#8211; 4 palas reversibles<br \/>&#8211; 1 luz tipo E27 1x60W NO INCLUIDA<br \/>&#8211; Altura: 54 cm<br \/>&#8211; Potencia 60 W<br \/>&#8211;<\/p>\n","protected":false},"excerpt":{"rendered":"<p>&#8211; Di\u00e1metro: 132 cm&#8211; 3 velocidades de ventilaci\u00f3n&#8211; Sistema de ventilaci\u00f3n reversible: modo invierno y verano.&#8211; Color blanco&#8211; 4 palas reversibles&#8211; 1 luz tipo E27 1x60W NO INCLUIDA&#8211; Altura: 54 cm&#8211; Potencia 60 W&#8211;<\/p>\n","protected":false},"featured_media":12755,"comment_status":"open","ping_status":"closed","template":"","meta":[],"product_cat":[497],"product_tag":[],"class_list":["post-12756","product","type-product","status-publish","has-post-thumbnail","hentry","product_cat-ventilacin","thunk-woo-product-list","opn-qv-enable","top-store-woo-hover-","top-store-single-product-tab-horizontal","top-store-shadow-","top-store-shadow-hover-"],"_links":{"self":[{"href":"https:\/\/server.idssoft.net\/idsdemo\/wp-json\/wp\/v2\/product\/12756","targetHints":{"allow":["GET"]}}],"collection":[{"href":"https:\/\/server.idssoft.net\/idsdemo\/wp-json\/wp\/v2\/product"}],"about":[{"href":"https:\/\/server.idssoft.net\/idsdemo\/wp-json\/wp\/v2\/types\/product"}],"replies":[{"embeddable":true,"href":"https:\/\/server.idssoft.net\/idsdemo\/wp-json\/wp\/v2\/comments?post=12756"}],"wp:featuredmedia":[{"embeddable":true,"href":"https:\/\/server.idssoft.net\/idsdemo\/wp-json\/wp\/v2\/media\/12755"}],"wp:attachment":[{"href":"https:\/\/server.idssoft.net\/idsdemo\/wp-json\/wp\/v2\/media?parent=12756"}],"wp:term":[{"taxonomy":"product_cat","embeddable":true,"href":"https:\/\/server.idssoft.net\/idsdemo\/wp-json\/wp\/v2\/product_cat?post=12756"},{"taxonomy":"product_tag","embeddable":true,"href":"https:\/\/server.idssoft.net\/idsdemo\/wp-json\/wp\/v2\/product_tag?post=12756"}],"curies":[{"name":"wp","href":"https:\/\/api.w.org\/{rel}","templated":true}]}}