{"id":12784,"date":"2021-06-23T14:16:15","date_gmt":"2021-06-23T14:16:15","guid":{"rendered":"https:\/\/server.idssoft.net\/idsdemo\/producto\/microfono-gxt-244-buzz-usb-streaming-alta-precision-trip\/"},"modified":"2021-06-23T14:16:15","modified_gmt":"2021-06-23T14:16:15","slug":"microfono-gxt-244-buzz-usb-streaming-alta-precision-trip","status":"publish","type":"product","link":"https:\/\/server.idssoft.net\/idsdemo\/producto\/microfono-gxt-244-buzz-usb-streaming-alta-precision-trip\/","title":{"rendered":"MICROFONO GXT 244 BUZZ USB STREAMING | ALTA PRECISI\u00d3N | TRIP"},"content":{"rendered":"<p>Si est\u00e1 buscando un micr\u00f3fono que se adapte a la transmisi\u00f3n de juegos y a las grabaciones con la m\u00e1s alta calidad, aqu\u00ed tiene el micr\u00f3fono para streaming GXT 244 Buzz de Trust. Ofrece una calidad de audio excelente al tiempo que es incre\u00edbleme<\/p>\n","protected":false},"excerpt":{"rendered":"<p>Si est\u00e1 buscando un micr\u00f3fono que se adapte a la transmisi\u00f3n de juegos y a las grabaciones con la m\u00e1s alta calidad, aqu\u00ed tiene el micr\u00f3fono para streaming GXT 244 Buzz de Trust. Ofrece una calidad de audio excelente al tiempo que es incre\u00edbleme<\/p>\n","protected":false},"featured_media":12783,"comment_status":"open","ping_status":"closed","template":"","meta":[],"product_cat":[475],"product_tag":[],"class_list":["post-12784","product","type-product","status-publish","has-post-thumbnail","hentry","product_cat-microfonos","thunk-woo-product-list","opn-qv-enable","top-store-woo-hover-","top-store-single-product-tab-horizontal","top-store-shadow-","top-store-shadow-hover-"],"_links":{"self":[{"href":"https:\/\/server.idssoft.net\/idsdemo\/wp-json\/wp\/v2\/product\/12784","targetHints":{"allow":["GET"]}}],"collection":[{"href":"https:\/\/server.idssoft.net\/idsdemo\/wp-json\/wp\/v2\/product"}],"about":[{"href":"https:\/\/server.idssoft.net\/idsdemo\/wp-json\/wp\/v2\/types\/product"}],"replies":[{"embeddable":true,"href":"https:\/\/server.idssoft.net\/idsdemo\/wp-json\/wp\/v2\/comments?post=12784"}],"wp:featuredmedia":[{"embeddable":true,"href":"https:\/\/server.idssoft.net\/idsdemo\/wp-json\/wp\/v2\/media\/12783"}],"wp:attachment":[{"href":"https:\/\/server.idssoft.net\/idsdemo\/wp-json\/wp\/v2\/media?parent=12784"}],"wp:term":[{"taxonomy":"product_cat","embeddable":true,"href":"https:\/\/server.idssoft.net\/idsdemo\/wp-json\/wp\/v2\/product_cat?post=12784"},{"taxonomy":"product_tag","embeddable":true,"href":"https:\/\/server.idssoft.net\/idsdemo\/wp-json\/wp\/v2\/product_tag?post=12784"}],"curies":[{"name":"wp","href":"https:\/\/api.w.org\/{rel}","templated":true}]}}