{"id":12793,"date":"2021-06-23T14:16:31","date_gmt":"2021-06-23T14:16:31","guid":{"rendered":"https:\/\/server.idssoft.net\/idsdemo\/producto\/mini-camara-endoscopica-1-5mts\/"},"modified":"2021-06-23T14:16:31","modified_gmt":"2021-06-23T14:16:31","slug":"mini-camara-endoscopica-1-5mts","status":"publish","type":"product","link":"https:\/\/server.idssoft.net\/idsdemo\/producto\/mini-camara-endoscopica-1-5mts\/","title":{"rendered":"MINI CAMARA ENDOSCOPICA 1.5MTS"},"content":{"rendered":"<p>    Tama\u00f1o Cable 1.5M<br \/>    Resoluci\u00f3n M\u00e1xima 1200P<br \/>    Puertos:<br \/>        Micro USB<br \/>        Tipoc C<br \/>        USB<br \/>    \u00c1ngulo Visi\u00f3n: 70\u00ba<br \/>    Distancia Focal: 1.2&#034;-3.2&#034;<br \/>    Nivel Agua: IP68<br \/>    Formato Foto:<\/p>\n","protected":false},"excerpt":{"rendered":"<p>Tama\u00f1o Cable 1.5M Resoluci\u00f3n M\u00e1xima 1200P Puertos: Micro USB Tipoc C USB \u00c1ngulo Visi\u00f3n: 70\u00ba Distancia Focal: 1.2&#034;-3.2&#034; Nivel Agua: IP68 Formato Foto:<\/p>\n","protected":false},"featured_media":12792,"comment_status":"open","ping_status":"closed","template":"","meta":[],"product_cat":[565],"product_tag":[],"class_list":["post-12793","product","type-product","status-publish","has-post-thumbnail","hentry","product_cat-camaras-y-accesorios","thunk-woo-product-list","opn-qv-enable","top-store-woo-hover-","top-store-single-product-tab-horizontal","top-store-shadow-","top-store-shadow-hover-"],"_links":{"self":[{"href":"https:\/\/server.idssoft.net\/idsdemo\/wp-json\/wp\/v2\/product\/12793","targetHints":{"allow":["GET"]}}],"collection":[{"href":"https:\/\/server.idssoft.net\/idsdemo\/wp-json\/wp\/v2\/product"}],"about":[{"href":"https:\/\/server.idssoft.net\/idsdemo\/wp-json\/wp\/v2\/types\/product"}],"replies":[{"embeddable":true,"href":"https:\/\/server.idssoft.net\/idsdemo\/wp-json\/wp\/v2\/comments?post=12793"}],"wp:featuredmedia":[{"embeddable":true,"href":"https:\/\/server.idssoft.net\/idsdemo\/wp-json\/wp\/v2\/media\/12792"}],"wp:attachment":[{"href":"https:\/\/server.idssoft.net\/idsdemo\/wp-json\/wp\/v2\/media?parent=12793"}],"wp:term":[{"taxonomy":"product_cat","embeddable":true,"href":"https:\/\/server.idssoft.net\/idsdemo\/wp-json\/wp\/v2\/product_cat?post=12793"},{"taxonomy":"product_tag","embeddable":true,"href":"https:\/\/server.idssoft.net\/idsdemo\/wp-json\/wp\/v2\/product_tag?post=12793"}],"curies":[{"name":"wp","href":"https:\/\/api.w.org\/{rel}","templated":true}]}}