{"id":12795,"date":"2021-06-23T14:16:35","date_gmt":"2021-06-23T14:16:35","guid":{"rendered":"https:\/\/server.idssoft.net\/idsdemo\/producto\/mini-auriculares-bluetooth-tws-s11-led-blanco\/"},"modified":"2021-06-23T14:16:35","modified_gmt":"2021-06-23T14:16:35","slug":"mini-auriculares-bluetooth-tws-s11-led-blanco","status":"publish","type":"product","link":"https:\/\/server.idssoft.net\/idsdemo\/producto\/mini-auriculares-bluetooth-tws-s11-led-blanco\/","title":{"rendered":"MINI AURICULARES BLUETOOTH TWS-S11 LED BLANCO"},"content":{"rendered":"<p>Funci\u00f3n T\u00e1ctil<\/p>\n<p>Tiempo uso: 3-4 horas<\/p>\n<p>Tiempo espera en cuanto a duraci\u00f3n de bater\u00eda: 120 horas<\/p>\n<p>Tiempo carga: 1-2 horas<\/p>\n<p>Compatibilidad: Android &amp; iOS  <\/p>\n","protected":false},"excerpt":{"rendered":"<p>Funci\u00f3n T\u00e1ctil Tiempo uso: 3-4 horas Tiempo espera en cuanto a duraci\u00f3n de bater\u00eda: 120 horas Tiempo carga: 1-2 horas Compatibilidad: Android &amp; iOS<\/p>\n","protected":false},"featured_media":12794,"comment_status":"open","ping_status":"closed","template":"","meta":[],"product_cat":[477],"product_tag":[],"class_list":["post-12795","product","type-product","status-publish","has-post-thumbnail","hentry","product_cat-auriculares-bluetooth-tws","thunk-woo-product-list","opn-qv-enable","top-store-woo-hover-","top-store-single-product-tab-horizontal","top-store-shadow-","top-store-shadow-hover-"],"_links":{"self":[{"href":"https:\/\/server.idssoft.net\/idsdemo\/wp-json\/wp\/v2\/product\/12795","targetHints":{"allow":["GET"]}}],"collection":[{"href":"https:\/\/server.idssoft.net\/idsdemo\/wp-json\/wp\/v2\/product"}],"about":[{"href":"https:\/\/server.idssoft.net\/idsdemo\/wp-json\/wp\/v2\/types\/product"}],"replies":[{"embeddable":true,"href":"https:\/\/server.idssoft.net\/idsdemo\/wp-json\/wp\/v2\/comments?post=12795"}],"wp:featuredmedia":[{"embeddable":true,"href":"https:\/\/server.idssoft.net\/idsdemo\/wp-json\/wp\/v2\/media\/12794"}],"wp:attachment":[{"href":"https:\/\/server.idssoft.net\/idsdemo\/wp-json\/wp\/v2\/media?parent=12795"}],"wp:term":[{"taxonomy":"product_cat","embeddable":true,"href":"https:\/\/server.idssoft.net\/idsdemo\/wp-json\/wp\/v2\/product_cat?post=12795"},{"taxonomy":"product_tag","embeddable":true,"href":"https:\/\/server.idssoft.net\/idsdemo\/wp-json\/wp\/v2\/product_tag?post=12795"}],"curies":[{"name":"wp","href":"https:\/\/api.w.org\/{rel}","templated":true}]}}