{"id":12799,"date":"2021-06-23T14:16:43","date_gmt":"2021-06-23T14:16:43","guid":{"rendered":"https:\/\/server.idssoft.net\/idsdemo\/producto\/radio-reloj-alarma-qmachb-quickmedia\/"},"modified":"2021-06-23T14:16:43","modified_gmt":"2021-06-23T14:16:43","slug":"radio-reloj-alarma-qmachb-quickmedia","status":"publish","type":"product","link":"https:\/\/server.idssoft.net\/idsdemo\/producto\/radio-reloj-alarma-qmachb-quickmedia\/","title":{"rendered":"RADIO RELOJ ALARMA QMACHB QUICKMEDIA"},"content":{"rendered":"<p>&#8211; Radio FM con funci\u00f3n sleep<br \/>&#8211; 2 puertos de carga USB<br \/>&#8211; 2 modos de Alarma con ajuste de intensidad de melod\u00eda<br \/>&#8211; Calendario<br \/>&#8211; Indicador de Temperatura y Humedad<br \/>&#8211; B\u00fasqueda autom\u00e1tica de emisoras<br \/>&#8211; Varias configuraciones de i<\/p>\n","protected":false},"excerpt":{"rendered":"<p>&#8211; Radio FM con funci\u00f3n sleep&#8211; 2 puertos de carga USB&#8211; 2 modos de Alarma con ajuste de intensidad de melod\u00eda&#8211; Calendario&#8211; Indicador de Temperatura y Humedad&#8211; B\u00fasqueda autom\u00e1tica de emisoras&#8211; Varias configuraciones de i<\/p>\n","protected":false},"featured_media":12798,"comment_status":"open","ping_status":"closed","template":"","meta":[],"product_cat":[478],"product_tag":[],"class_list":["post-12799","product","type-product","status-publish","has-post-thumbnail","hentry","product_cat-radios","thunk-woo-product-list","opn-qv-enable","top-store-woo-hover-","top-store-single-product-tab-horizontal","top-store-shadow-","top-store-shadow-hover-"],"_links":{"self":[{"href":"https:\/\/server.idssoft.net\/idsdemo\/wp-json\/wp\/v2\/product\/12799","targetHints":{"allow":["GET"]}}],"collection":[{"href":"https:\/\/server.idssoft.net\/idsdemo\/wp-json\/wp\/v2\/product"}],"about":[{"href":"https:\/\/server.idssoft.net\/idsdemo\/wp-json\/wp\/v2\/types\/product"}],"replies":[{"embeddable":true,"href":"https:\/\/server.idssoft.net\/idsdemo\/wp-json\/wp\/v2\/comments?post=12799"}],"wp:featuredmedia":[{"embeddable":true,"href":"https:\/\/server.idssoft.net\/idsdemo\/wp-json\/wp\/v2\/media\/12798"}],"wp:attachment":[{"href":"https:\/\/server.idssoft.net\/idsdemo\/wp-json\/wp\/v2\/media?parent=12799"}],"wp:term":[{"taxonomy":"product_cat","embeddable":true,"href":"https:\/\/server.idssoft.net\/idsdemo\/wp-json\/wp\/v2\/product_cat?post=12799"},{"taxonomy":"product_tag","embeddable":true,"href":"https:\/\/server.idssoft.net\/idsdemo\/wp-json\/wp\/v2\/product_tag?post=12799"}],"curies":[{"name":"wp","href":"https:\/\/api.w.org\/{rel}","templated":true}]}}