{"id":12801,"date":"2021-06-23T14:16:47","date_gmt":"2021-06-23T14:16:47","guid":{"rendered":"https:\/\/server.idssoft.net\/idsdemo\/producto\/telefono-t76-negro-alcatel\/"},"modified":"2021-06-23T14:16:47","modified_gmt":"2021-06-23T14:16:47","slug":"telefono-t76-negro-alcatel","status":"publish","type":"product","link":"https:\/\/server.idssoft.net\/idsdemo\/producto\/telefono-t76-negro-alcatel\/","title":{"rendered":"TELEFONO T76 NEGRO ALCATEL"},"content":{"rendered":"<p>&#8211; Manos libres<br \/>&#8211; Pantalla alfanum\u00e9rica 1 l\u00ednea Dot-matrix + 1 l\u00ednea de 7 segmentos + 1 l\u00ednea de iconos<br \/>&#8211; Visualizaci\u00f3n de la fecha y de la hora en modo espera<br \/>&#8211; Visualizaci\u00f3n de la duraci\u00f3n de la llamada<br \/>&#8211; 8 memorias directas y<\/p>\n","protected":false},"excerpt":{"rendered":"<p>&#8211; Manos libres&#8211; Pantalla alfanum\u00e9rica 1 l\u00ednea Dot-matrix + 1 l\u00ednea de 7 segmentos + 1 l\u00ednea de iconos&#8211; Visualizaci\u00f3n de la fecha y de la hora en modo espera&#8211; Visualizaci\u00f3n de la duraci\u00f3n de la llamada&#8211; 8 memorias directas y<\/p>\n","protected":false},"featured_media":12800,"comment_status":"open","ping_status":"closed","template":"","meta":[],"product_cat":[487],"product_tag":[],"class_list":["post-12801","product","type-product","status-publish","has-post-thumbnail","hentry","product_cat-telefona-fija-sobremesa","thunk-woo-product-list","opn-qv-enable","top-store-woo-hover-","top-store-single-product-tab-horizontal","top-store-shadow-","top-store-shadow-hover-"],"_links":{"self":[{"href":"https:\/\/server.idssoft.net\/idsdemo\/wp-json\/wp\/v2\/product\/12801","targetHints":{"allow":["GET"]}}],"collection":[{"href":"https:\/\/server.idssoft.net\/idsdemo\/wp-json\/wp\/v2\/product"}],"about":[{"href":"https:\/\/server.idssoft.net\/idsdemo\/wp-json\/wp\/v2\/types\/product"}],"replies":[{"embeddable":true,"href":"https:\/\/server.idssoft.net\/idsdemo\/wp-json\/wp\/v2\/comments?post=12801"}],"wp:featuredmedia":[{"embeddable":true,"href":"https:\/\/server.idssoft.net\/idsdemo\/wp-json\/wp\/v2\/media\/12800"}],"wp:attachment":[{"href":"https:\/\/server.idssoft.net\/idsdemo\/wp-json\/wp\/v2\/media?parent=12801"}],"wp:term":[{"taxonomy":"product_cat","embeddable":true,"href":"https:\/\/server.idssoft.net\/idsdemo\/wp-json\/wp\/v2\/product_cat?post=12801"},{"taxonomy":"product_tag","embeddable":true,"href":"https:\/\/server.idssoft.net\/idsdemo\/wp-json\/wp\/v2\/product_tag?post=12801"}],"curies":[{"name":"wp","href":"https:\/\/api.w.org\/{rel}","templated":true}]}}