{"id":12803,"date":"2021-06-23T14:16:51","date_gmt":"2021-06-23T14:16:51","guid":{"rendered":"https:\/\/server.idssoft.net\/idsdemo\/producto\/auriculares-con-microfono-millenium-2-nox\/"},"modified":"2021-06-23T14:16:51","modified_gmt":"2021-06-23T14:16:51","slug":"auriculares-con-microfono-millenium-2-nox","status":"publish","type":"product","link":"https:\/\/server.idssoft.net\/idsdemo\/producto\/auriculares-con-microfono-millenium-2-nox\/","title":{"rendered":"AURICULARES CON MICROFONO MILLENIUM 2 NOX"},"content":{"rendered":"<p>Adoptar decisiones tan r\u00e1pido como sea posible gracias a un sonido perfecto<br \/>La calidad del sonido es fundamental para obtener informaci\u00f3n relevante sobre el escenario del juego y detectar la posici\u00f3n del enemigo.<br \/>En este sentido los auricul<\/p>\n","protected":false},"excerpt":{"rendered":"<p>Adoptar decisiones tan r\u00e1pido como sea posible gracias a un sonido perfectoLa calidad del sonido es fundamental para obtener informaci\u00f3n relevante sobre el escenario del juego y detectar la posici\u00f3n del enemigo.En este sentido los auricul<\/p>\n","protected":false},"featured_media":12802,"comment_status":"open","ping_status":"closed","template":"","meta":[],"product_cat":[559],"product_tag":[],"class_list":["post-12803","product","type-product","status-publish","has-post-thumbnail","hentry","product_cat-auriculares-gaming","thunk-woo-product-list","opn-qv-enable","top-store-woo-hover-","top-store-single-product-tab-horizontal","top-store-shadow-","top-store-shadow-hover-"],"_links":{"self":[{"href":"https:\/\/server.idssoft.net\/idsdemo\/wp-json\/wp\/v2\/product\/12803","targetHints":{"allow":["GET"]}}],"collection":[{"href":"https:\/\/server.idssoft.net\/idsdemo\/wp-json\/wp\/v2\/product"}],"about":[{"href":"https:\/\/server.idssoft.net\/idsdemo\/wp-json\/wp\/v2\/types\/product"}],"replies":[{"embeddable":true,"href":"https:\/\/server.idssoft.net\/idsdemo\/wp-json\/wp\/v2\/comments?post=12803"}],"wp:featuredmedia":[{"embeddable":true,"href":"https:\/\/server.idssoft.net\/idsdemo\/wp-json\/wp\/v2\/media\/12802"}],"wp:attachment":[{"href":"https:\/\/server.idssoft.net\/idsdemo\/wp-json\/wp\/v2\/media?parent=12803"}],"wp:term":[{"taxonomy":"product_cat","embeddable":true,"href":"https:\/\/server.idssoft.net\/idsdemo\/wp-json\/wp\/v2\/product_cat?post=12803"},{"taxonomy":"product_tag","embeddable":true,"href":"https:\/\/server.idssoft.net\/idsdemo\/wp-json\/wp\/v2\/product_tag?post=12803"}],"curies":[{"name":"wp","href":"https:\/\/api.w.org\/{rel}","templated":true}]}}