{"id":12823,"date":"2021-06-23T14:17:23","date_gmt":"2021-06-23T14:17:23","guid":{"rendered":"https:\/\/server.idssoft.net\/idsdemo\/producto\/conjunto-jardin-mesa-120cm-4-sillas-textil-blanco\/"},"modified":"2021-06-23T14:17:23","modified_gmt":"2021-06-23T14:17:23","slug":"conjunto-jardin-mesa-120cm-4-sillas-textil-blanco","status":"publish","type":"product","link":"https:\/\/server.idssoft.net\/idsdemo\/producto\/conjunto-jardin-mesa-120cm-4-sillas-textil-blanco\/","title":{"rendered":"CONJUNTO JARDIN MESA 120CM + 4 SILLAS TEXTIL BLANCO"},"content":{"rendered":"<p>&#8211; Conjunto de mesa y 4 sillas en color blanco perfecto para espacios interiores y exteriores. Con dise\u00f1o cl\u00e1sico y funcional, este conjunto es ideal para cualquier tipo de evento: Catering, celebraciones de cumplea\u00f1os, reuniones de amigos, cenas, c<\/p>\n","protected":false},"excerpt":{"rendered":"<p>&#8211; Conjunto de mesa y 4 sillas en color blanco perfecto para espacios interiores y exteriores. Con dise\u00f1o cl\u00e1sico y funcional, este conjunto es ideal para cualquier tipo de evento: Catering, celebraciones de cumplea\u00f1os, reuniones de amigos, cenas, c<\/p>\n","protected":false},"featured_media":12821,"comment_status":"open","ping_status":"closed","template":"","meta":[],"product_cat":[534],"product_tag":[],"class_list":["post-12823","product","type-product","status-publish","has-post-thumbnail","hentry","product_cat-conjunto-mesa-y-sillas","thunk-woo-product-list","opn-qv-enable","top-store-woo-hover-","top-store-single-product-tab-horizontal","top-store-shadow-","top-store-shadow-hover-"],"_links":{"self":[{"href":"https:\/\/server.idssoft.net\/idsdemo\/wp-json\/wp\/v2\/product\/12823","targetHints":{"allow":["GET"]}}],"collection":[{"href":"https:\/\/server.idssoft.net\/idsdemo\/wp-json\/wp\/v2\/product"}],"about":[{"href":"https:\/\/server.idssoft.net\/idsdemo\/wp-json\/wp\/v2\/types\/product"}],"replies":[{"embeddable":true,"href":"https:\/\/server.idssoft.net\/idsdemo\/wp-json\/wp\/v2\/comments?post=12823"}],"wp:featuredmedia":[{"embeddable":true,"href":"https:\/\/server.idssoft.net\/idsdemo\/wp-json\/wp\/v2\/media\/12821"}],"wp:attachment":[{"href":"https:\/\/server.idssoft.net\/idsdemo\/wp-json\/wp\/v2\/media?parent=12823"}],"wp:term":[{"taxonomy":"product_cat","embeddable":true,"href":"https:\/\/server.idssoft.net\/idsdemo\/wp-json\/wp\/v2\/product_cat?post=12823"},{"taxonomy":"product_tag","embeddable":true,"href":"https:\/\/server.idssoft.net\/idsdemo\/wp-json\/wp\/v2\/product_tag?post=12823"}],"curies":[{"name":"wp","href":"https:\/\/api.w.org\/{rel}","templated":true}]}}